{"id":3942,"date":"2019-07-15T16:30:42","date_gmt":"2019-07-15T16:30:42","guid":{"rendered":"http:\/\/www.fortearena.com\/it\/?page_id=3942"},"modified":"2022-07-21T10:06:02","modified_gmt":"2022-07-21T10:06:02","slug":"concorso-a-premi","status":"publish","type":"page","link":"https:\/\/www.fortearena.com\/it\/concorso-a-premi\/","title":{"rendered":"CONCORSO A PREMI"},"content":{"rendered":"<div id='av_section_1'  class='avia-section main_color avia-section-default avia-no-shadow  avia-bg-style-scroll  avia-builder-el-0  el_before_av_section  avia-builder-el-first   container_wrap sidebar_right' style=' '  ><div class='container' ><main  role=\"main\" itemprop=\"mainContentOfPage\"  class='template-page content  av-content-small alpha units'><div class='post-entry post-entry-type-page post-entry-3942'><div class='entry-content-wrapper clearfix'>\n<div  style='padding-bottom:10px; ' class='av-special-heading av-special-heading-h3    avia-builder-el-1  avia-builder-el-no-sibling  '><h3 class='av-special-heading-tag '  itemprop=\"headline\"  >CONCORSO A PREMI &#8211; promosso dalla societ\u00e0 PROGETTO ESMERALDA SRL<\/h3><div class='special-heading-border'><div class='special-heading-inner-border' ><\/div><\/div><\/div>\n\n<\/div><\/div><\/main><!-- close content main element --><\/div><\/div><div id='av_section_2'  class='avia-section main_color avia-section-default avia-no-shadow  avia-bg-style-scroll  avia-builder-el-2  el_after_av_section  avia-builder-el-last   container_wrap sidebar_right' style=' '  ><div class='container' ><div class='template-page content  av-content-small alpha units'><div class='post-entry post-entry-type-page post-entry-3942'><div class='entry-content-wrapper clearfix'>\n<div class=\"flex_column av_one_full  flex_column_div av-zero-column-padding first  avia-builder-el-3  avia-builder-el-no-sibling  \" style='border-radius:0px; '><section class=\"av_textblock_section \"  itemscope=\"itemscope\" itemtype=\"https:\/\/schema.org\/CreativeWork\" ><div class='avia_textblock  '   itemprop=\"text\" ><p><strong>\u00a0\u201c<\/strong><strong>CONCORSO FORTE ARENA\u201d <\/strong><\/p>\n<p>Regolamento<\/p>\n<p>La societ\u00e0 PROGETTO ESMERALDA SRL (Promotore) con sede legale in SS 195 KM 39.600 \u2013 09010 SANTA MARGHERITA DI PULA (CA), indice il seguente concorso a premi per promuovere il calendario degli spettacoli che si svolgeranno presso il \u201cForte Arena, il teatro all\u2019aperto del Forte Village Resort\u201d.<\/p>\n<p>Il Promotore \u00e8 domiciliato presso la Societ\u00e0 FCB MILAN SRL con sede in Via Spadolini 7 \u2013 20141 MILANO.<\/p>\n<p><strong>Area<\/strong>:\u00a0\u00a0\u00a0\u00a0 \u00a0\u00a0\u00a0\u00a0\u00a0\u00a0\u00a0\u00a0\u00a0\u00a0\u00a0\u00a0\u00a0\u00a0\u00a0 Forte Arena \u2013 Santa Margherita di Pula (CA)<\/p>\n<p><strong>Durata<\/strong>:\u00a0 \u00a0 \u00a0 \u00a0 \u00a0 \u00a0 \u00a0 \u00a0 dal 23\/07\/2022 al 31\/08\/2022<\/p>\n<p>Estrazione finale entro il 30 settembre 2022<\/p>\n<p><strong>Prodotto<\/strong>:\u00a0\u00a0\u00a0\u00a0\u00a0\u00a0\u00a0\u00a0\u00a0\u00a0\u00a0 promozione della location \u201cForte Arena, il teatro all\u2019aperto del Forte Village Resort\u201d<\/p>\n<p><strong>Destinatari<\/strong>:\u00a0\u00a0\u00a0\u00a0\u00a0\u00a0 tutti gli spettatori, residenti o domiciliati sul territorio nazionale, che si recheranno presso il \u201cForte Arena, il teatro all\u2019aperto del Forte Village Resort\u201d per assistere agli spettacoli in programmazione dal 23\/07\/2022 al 31\/08\/2022<\/p>\n<p><strong>Premi<\/strong><strong>o<\/strong>:\u00a0\u00a0\u00a0\u00a0\u00a0\u00a0\u00a0\u00a0\u00a0\u00a0\u00a0\u00a0\u00a0\u00a0 <strong><u>AD ESTRAZIONE <\/u><\/strong><\/p>\n<p><strong>= <\/strong><strong>Un soggiorno presso il Forte Village Resort*<\/strong><\/p>\n<p><strong>(*) 2\u00a0 notti per due persone in camera doppia in uno degli hotel del Forte Village Resort<\/strong><\/p>\n<p><strong>Il premio include:<\/strong><\/p>\n<p>trattamento di mezza pensione ( colazione e cena \u2013 bevande escluse )<\/p>\n<p>1 ingresso per persona per soggiorno alla Acquaforte Thalasso &amp; Spa ( riservato a persone adulte e includono l\u2019utilizzo del percorso di talassoterapia, della palestra. Della sauna\u00a0 e del bagnoturco)<\/p>\n<p><strong>Periodo di utilizzo del premio<\/strong>: nei mesi di ottobre 2022 e aprile, maggio e giugno 2023<\/p>\n<p>L&#8217;utilizzo del premio \u00e8 soggetto alla disponibilit\u00e0 di camere al momento della richiesta di prenotazione che dovr\u00e0 avvenire almeno 15 giorni prima della data di soggiorno desiderata<\/p>\n<p><strong>Un soggiorno presso Palazzo Doglio , Cagliari *<\/strong><\/p>\n<p>(*) 2 notti per due persone in camera doppia<\/p>\n<p><strong>Il premio include : <\/strong><\/p>\n<p>trattamento di pernottamento e prima colazione<\/p>\n<p>1 ingresso per persona adulta da utilizzarsi durante il soggiorno al percorso benessere del Doglio Club che include l\u2019utilizzo della piscina, della sauna e del bagno turco)<\/p>\n<p><strong>Periodo di utilizzo del premio<\/strong>: da ottobre 2022 a fine maggio 2023<\/p>\n<p>L&#8217;utilizzo del premio \u00e8 soggetto alla disponibilit\u00e0 di camere al momento della richiesta di prenotazione che dovr\u00e0 avvenire almeno 15 giorni prima della data di soggiorno desiderata<\/p>\n<p><strong>Servizi non inclusi:<\/strong><\/p>\n<p>Gli extra e quanto non espressamente indicato nel presente regolamento sono a carico del vincitore.<\/p>\n<p>I trasferimenti (voli o traghetti) dal luogo di residenza a Palazzo Doglio Cagliari e Forte Village resort e viceversa non sono inclusi e sono a carico del vincitore. Il premio non \u00e8 cumulabile con altri premi e\/o sconti<\/p>\n<p><strong>Valore del premio \u20ac 1.990 Iva compresa<\/strong><\/p>\n<p><strong>\u00a0<\/strong><\/p>\n<p><strong>Modalit\u00e0:\u00a0 \u00a0 \u00a0<\/strong>Dal 23\/07\/2022 al 14\/08\/2022 saranno presenti all\u2019interno del \u201cForte Arena, il teatro all\u2019aperto del Forte Village\u201d delle hostess che distribuiranno agli spettatori un apposito modulo\/cartolina di partecipazione al concorso.<\/p>\n<p>Per partecipare al concorso i clienti dovranno compilare il modulo\/cartolina con i propri dati anagrafici (Nome, Cognome, Nazionalit\u00e0, Et\u00e0, Indirizzo Email, Numero di telefono), rispondere a un brevissimo questionario (Come ha saputo dello spettacolo? Dove ha effettuato la prenotazione?) e rilasciare il consenso al trattamento dei dati personali.<\/p>\n<p>Tutti i moduli compilati come sopra indicato saranno ritirati dalle hostess nelle giornate di svolgimento del concorso e trasferiti successivamente presso la societ\u00e0 FCB Milan srl di Milano.<\/p>\n<p><strong><u>\u00a0<\/u><\/strong><\/p>\n<p><strong><u>Modalit\u00e0 di partecipazione ESTRAZIONE FINALE, comunicazione della vincita e assegnazione del premio<\/u><\/strong><\/p>\n<p>Tutti i moduli compilati dai clienti parteciperanno all\u2019estrazione dei premi messi in palio che avverr\u00e0 entro il 30 settembre 2022, presso la sede della societ\u00e0 FCB Milan, alla presenza di un funzionario camerale competente per territorio e che assegner\u00e0 ai n. 2 vincitori estratti:<\/p>\n<p><strong>=<\/strong><strong> un soggiorno di 2 notti per due persone in camera doppia in uno degli hotel del Forte Village Resort<\/strong><\/p>\n<p>Il premio include:<\/p>\n<p>soggiorno di 2 notti in camera singola o doppia<\/p>\n<p>trattamento di mezza pensione (colazione e cena- bevande escluse)<\/p>\n<p>1 ingresso per persona per soggiorno alla Acquaforte Thalasso &amp; Spa ( riservato a persone adulte e includono l\u2019utilizzo del percorso di talassoterapia, della palestra. Della sauna\u00a0 e del bagno turco)<\/p>\n<p><strong>Periodo di utilizzo del premio<\/strong>: nei mesi di ottobre 2022 e aprile, maggio e giugno 2023<\/p>\n<p><span style=\"font-size: 11.0pt;\">L&#8217;utilizzo del premio \u00e8 soggetto alla disponibilit\u00e0 di camere al momento della richiesta di prenotazione che dovr\u00e0 avvenire almeno 15 giorni prima della data di soggiorno desiderata<\/span><\/p>\n<p>Si proceder\u00e0 inoltre ad estrarre n. 5 nominativi di riserva che saranno utilizzati per l\u2019assegnazione del premio nel caso in cui i dati forniti dai clienti estratti risultassero incompleti o non corretti e non permettessero il rintracciamento dei vincitori.<\/p>\n<p>La data di estrazione potr\u00e0 essere anticipata o posticipata di circa 10 giorni in base alle esigenze tecnico-organizzative della societ\u00e0 promotrice\/domiciliataria.<\/p>\n<p>Il vincitore sar\u00e0 avvisato con apposita comunicazione inviata a mezzo email all\u2019indirizzo da lui rilasciato in fase di partecipazione al concorso. Entro 15 giorni dall\u2019invio\/ricevimento della comunicazione di vincita il vincitore dovr\u00e0 inviare alla segreteria del concorso la seguente documentazione:<\/p>\n<ul>\n<li>Modulo di accettazione del premio debitamente compilato e firmato<\/li>\n<li>fotocopia di un suo documento di identit\u00e0<\/li>\n<\/ul>\n<p>Tutta la documentazione richiesta per la convalida della vincita dovr\u00e0 essere inviata al seguente indirizzo:<\/p>\n<p>FCB MILAN Srl \u201cconcorso FORTE ARENA\u201d \u2013 Via Spadolini 7 \u2013 20141 Milano \u2013 a mezzo posta<\/p>\n<p>oppure a mezzo fax al numero 02.92854345 o ancora a mezzo e-mail all\u2019indirizzo: roberta.iorio@fcb.com<\/p>\n<p>Successivamente al ricevimento della documentazione richiesta Il premio sar\u00e0 immediatamente disponibile ed usufruibile nei periodi indicati al punto \u201cpremio\u201d di questo regolamento e comunque consegnato entro e non oltre 30 giorni dalla data di ricezione della documentazione richiesta.<\/p>\n<p>Sar\u00e0 data possibilit\u00e0 al vincitore di delegare persona\/persone diverse ad usufruire del premio vinto dietro presentazione di delega scritta.<\/p>\n<p><strong>Montepremi<\/strong>: \u00a0\u00a0 Il montepremi della manifestazione risulta essere di \u20ac 1990 ,00 Iva compresa<\/p>\n<p><strong><u>\u00a0<\/u><\/strong><\/p>\n<p><strong><u>\u00a0<\/u><\/strong><\/p>\n<p>Il Promotore non si assume responsabilit\u00e0 in caso di mancato recapito e\/o mancata lettura dei messaggi email che comunicano la vincita entro i termini previsti dal presente Regolamento da parte del destinatario per cause non dipendenti dal Promotore stesso.<\/p>\n<p>Incaricata della gestione della segreteria del concorso \u00e8 la societ\u00e0 FCB MILAN SRL.<\/p>\n<p>Successivamente alla consegna dei premi sar\u00e0 richiesto il rilascio dell\u2019attestazione di ricevimento, come richiesto dalle vigenti norme di legge, da rendere debitamente compilata e sottoscrittaa a FCB MILAN Srl.<\/p>\n<p><strong>Comunicazioni varie:\u00a0\u00a0\u00a0\u00a0 <\/strong><\/p>\n<p>Sar\u00e0 possibile partecipare al concorso solo ed esclusivamente rilasciando il proprio consenso al trattamento dei propri dati personali ai fini promozionali\/pubblicitari\/commerciali.<\/p>\n<p>Il premio non \u00e8 sostituibile n\u00e9 convertibile in denaro.<\/p>\n<p>I premi saranno consegnati entro 30 giorni dalla data di conferma della vincita.<\/p>\n<p>Tutta la manifestazione si svolger\u00e0 sotto il controllo di un funzionario camerale o di un notaio competente per territorio.<\/p>\n<p>Per quanto non espressamente previsto nel presente Regolamento, si rinvia alle norme contenute nel D.P.R. 26\/10\/2001 n. 430, che s\u2019intende quindi qui integralmente richiamato.<\/p>\n<p>Il Promotore rinuncia a rivalersi sul vincitore per l\u2019imposta sul reddito del 25% art. 30 del D.P.R. n. 600 del 20\/09\/1973.<\/p>\n<p>Il promotore si impegna a devolvere alla <strong>PETER PAN ONLUS &#8211; VIA SAN FRANCESCO DI SALES 16 &#8211; 00165 ROMA<\/strong> &#8211; i premi eventualmente non assegnati nel corso della manifestazione, diversi da quelli rifiutati.<\/p>\n<p>I messaggi pubblicitari che comunicheranno la manifestazione ai destinatari della stessa saranno conformi al presente regolamento.<\/p>\n<p>Il regolamento completo potr\u00e0 comunque essere consultato sul sito <a href=\"http:\/\/www.fortearena.com\">www.fortearena.com<\/a><\/p>\n<p><strong>INFORMATIVA (ai sensi dell\u2019art. 13 del Regolamento Europeo 679\/2016\u201d)<\/strong><\/p>\n<p>Informazioni da fornire ai sensi dell\u2019art. 13, Regolamento Europeo 679\/2016 (c.d. \u201cGDPR\u201d)<\/p>\n<p>I dati personali spontaneamente rilasciati saranno trattati, con modalit\u00e0 manuali e\/o elettroniche e con strumenti di analisi anche statistica, da Progetto Esmeralda S.r.l., con sede in Pula, Localit\u00e0 Santa Margherita, S.S. 195 Km 39,600, in persona del legale rappresentante pro-tempore.<\/p>\n<p>&#8211; Responsabile del trattamento dei dati personali \u00e8 FCB Milan S.r.l., con sede in Milano, Via G. Spadolini 7 per l\u2019espletamento di tutte le fasi connesse al concorso a premi denominato \u201cCONCORSO FORTE ARENA\u201d. Inoltre, saranno trattati per ottemperare a norme amministrative e di altro genere obbligatorie in forza di legge vigente nel nostro Paese o in virt\u00f9 di decisioni dell\u2019UE e conservati per il tempo imposto da tali discipline. I dati richiesti sono di conferimento obbligatorio per i predetti fini e il loro mancato conferimento non permetter\u00e0 di espletare le attivit\u00e0 gestionali della manifestazione a premio e adempiere a norme di legge. I dati personali saranno resi disponibili al responsabile della tutela del consumatore e la fede pubblica competente per territorio per quanto necessario ai fini del concorso.<\/p>\n<p>La conservazione dei dati a fini di gestione del concorso sar\u00e0 limitata al periodo di espletamento delle sue singole fasi e secondo quanto imposto dalla normativa in materia. Successivamente, saranno anonimizzati per creare elaborati statistici e i dati identificativi saranno distrutti.<\/p>\n<p>Titolare del trattamento \u00e8 Progetto Esmeralda S.r.l., con sede in Pula, Localit\u00e0 Santa Margherita, S.S. 195 Km 39,600, in persona del legale rappresentante pro-tempore.<\/p>\n<p>Responsabile del trattamento dei dati personali \u00e8 Ecoconsult S.r.l., con sede in Milano, Via Goldoni, 1.<\/p>\n<p>Informiamo, infine, che gli artt. 15- 22 del Regolamento conferisce agli interessati l\u2019esercizio di specifici diritti. Con il Regolamento sono presenti il diritto ad ottenere dal titolare la conferma dell\u2019esistenza o meno di propri dati personali e che tali dati vengano messi a disposizione in forma intellegibile; di conoscere l\u2019origine dei dati nonch\u00e9 la logica e le finalit\u00e0 su cui si basa il trattamento; di ottenere la cancellazione, la trasformazione in forma anonima o il blocco dei dati trattati in violazione di legge nonch\u00e9 l\u2019aggiornamento, la rettificazione o, se vi \u00e8 interesse, l\u2019integrazione dei dati; di opporsi, per motivi legittimi, al trattamento stesso. Il Regolamento Europeo riconosce, inoltre, all\u2019interessato il diritto di presentare un reclamo all\u2019autorit\u00e0 di controllo, il diritto di revocare il consenso in qualsiasi momento ed il diritto alla portabilit\u00e0 dei dati. Per l\u2019esercizio di tali diritti potr\u00e0 rivolgersi direttamente alla nostra Societ\u00e0 a Progetto Esmeralda S.r.l., PULA (CA) \u2013 Fraz. Santa Margherita di Pula \u2013 Strada Statale n. 195 Km. 39,600 ovvero all\u2019indirizzo e-mail: privacyfvr@fortevillage.com<\/p>\n<\/div><\/section><\/div><\/div><\/div><\/div><!-- close content main div --><\/div><\/div><div id='after_section_2'  class='main_color av_default_container_wrap container_wrap sidebar_right' style=' '  ><div class='container' ><div class='template-page content  av-content-small alpha units'><div class='post-entry post-entry-type-page post-entry-3942'><div class='entry-content-wrapper clearfix'>\n","protected":false},"excerpt":{"rendered":"","protected":false},"author":8,"featured_media":0,"parent":0,"menu_order":0,"comment_status":"closed","ping_status":"closed","template":"","meta":{"footnotes":""},"class_list":["post-3942","page","type-page","status-publish","hentry"],"yoast_head":"<!-- This site is optimized with the Yoast SEO plugin v23.0 - https:\/\/yoast.com\/wordpress\/plugins\/seo\/ -->\n<title>CONCORSO A PREMI - Forte Arena<\/title>\n<meta name=\"robots\" content=\"index, follow, max-snippet:-1, max-image-preview:large, max-video-preview:-1\" \/>\n<link rel=\"canonical\" href=\"https:\/\/www.fortearena.com\/it\/concorso-a-premi\/\" \/>\n<meta property=\"og:locale\" content=\"it_IT\" \/>\n<meta property=\"og:type\" content=\"article\" \/>\n<meta property=\"og:title\" content=\"CONCORSO A PREMI - Forte Arena\" \/>\n<meta property=\"og:url\" content=\"https:\/\/www.fortearena.com\/it\/concorso-a-premi\/\" \/>\n<meta property=\"og:site_name\" content=\"Forte Arena\" \/>\n<meta property=\"article:modified_time\" content=\"2022-07-21T10:06:02+00:00\" \/>\n<meta name=\"twitter:card\" content=\"summary_large_image\" \/>\n<meta name=\"twitter:label1\" content=\"Est. reading time\" \/>\n\t<meta name=\"twitter:data1\" content=\"9 minutes\" \/>\n<script type=\"application\/ld+json\" class=\"yoast-schema-graph\">{\"@context\":\"https:\/\/schema.org\",\"@graph\":[{\"@type\":\"WebPage\",\"@id\":\"https:\/\/www.fortearena.com\/it\/concorso-a-premi\/\",\"url\":\"https:\/\/www.fortearena.com\/it\/concorso-a-premi\/\",\"name\":\"CONCORSO A PREMI - Forte Arena\",\"isPartOf\":{\"@id\":\"https:\/\/www.fortearena.com\/it\/#website\"},\"datePublished\":\"2019-07-15T16:30:42+00:00\",\"dateModified\":\"2022-07-21T10:06:02+00:00\",\"breadcrumb\":{\"@id\":\"https:\/\/www.fortearena.com\/it\/concorso-a-premi\/#breadcrumb\"},\"inLanguage\":\"it-IT\",\"potentialAction\":[{\"@type\":\"ReadAction\",\"target\":[\"https:\/\/www.fortearena.com\/it\/concorso-a-premi\/\"]}]},{\"@type\":\"BreadcrumbList\",\"@id\":\"https:\/\/www.fortearena.com\/it\/concorso-a-premi\/#breadcrumb\",\"itemListElement\":[{\"@type\":\"ListItem\",\"position\":1,\"name\":\"Home\",\"item\":\"https:\/\/www.fortearena.com\/it\/benvenuti\/\"},{\"@type\":\"ListItem\",\"position\":2,\"name\":\"CONCORSO A PREMI\"}]},{\"@type\":\"WebSite\",\"@id\":\"https:\/\/www.fortearena.com\/it\/#website\",\"url\":\"https:\/\/www.fortearena.com\/it\/\",\"name\":\"Forte Arena\",\"description\":\"Where culture meets entertainment\",\"potentialAction\":[{\"@type\":\"SearchAction\",\"target\":{\"@type\":\"EntryPoint\",\"urlTemplate\":\"https:\/\/www.fortearena.com\/it\/?s={search_term_string}\"},\"query-input\":\"required name=search_term_string\"}],\"inLanguage\":\"it-IT\"}]}<\/script>\n<!-- \/ Yoast SEO plugin. -->","yoast_head_json":{"title":"CONCORSO A PREMI - Forte Arena","robots":{"index":"index","follow":"follow","max-snippet":"max-snippet:-1","max-image-preview":"max-image-preview:large","max-video-preview":"max-video-preview:-1"},"canonical":"https:\/\/www.fortearena.com\/it\/concorso-a-premi\/","og_locale":"it_IT","og_type":"article","og_title":"CONCORSO A PREMI - Forte Arena","og_url":"https:\/\/www.fortearena.com\/it\/concorso-a-premi\/","og_site_name":"Forte Arena","article_modified_time":"2022-07-21T10:06:02+00:00","twitter_card":"summary_large_image","twitter_misc":{"Est. reading time":"9 minutes"},"schema":{"@context":"https:\/\/schema.org","@graph":[{"@type":"WebPage","@id":"https:\/\/www.fortearena.com\/it\/concorso-a-premi\/","url":"https:\/\/www.fortearena.com\/it\/concorso-a-premi\/","name":"CONCORSO A PREMI - Forte Arena","isPartOf":{"@id":"https:\/\/www.fortearena.com\/it\/#website"},"datePublished":"2019-07-15T16:30:42+00:00","dateModified":"2022-07-21T10:06:02+00:00","breadcrumb":{"@id":"https:\/\/www.fortearena.com\/it\/concorso-a-premi\/#breadcrumb"},"inLanguage":"it-IT","potentialAction":[{"@type":"ReadAction","target":["https:\/\/www.fortearena.com\/it\/concorso-a-premi\/"]}]},{"@type":"BreadcrumbList","@id":"https:\/\/www.fortearena.com\/it\/concorso-a-premi\/#breadcrumb","itemListElement":[{"@type":"ListItem","position":1,"name":"Home","item":"https:\/\/www.fortearena.com\/it\/benvenuti\/"},{"@type":"ListItem","position":2,"name":"CONCORSO A PREMI"}]},{"@type":"WebSite","@id":"https:\/\/www.fortearena.com\/it\/#website","url":"https:\/\/www.fortearena.com\/it\/","name":"Forte Arena","description":"Where culture meets entertainment","potentialAction":[{"@type":"SearchAction","target":{"@type":"EntryPoint","urlTemplate":"https:\/\/www.fortearena.com\/it\/?s={search_term_string}"},"query-input":"required name=search_term_string"}],"inLanguage":"it-IT"}]}},"_links":{"self":[{"href":"https:\/\/www.fortearena.com\/it\/wp-json\/wp\/v2\/pages\/3942"}],"collection":[{"href":"https:\/\/www.fortearena.com\/it\/wp-json\/wp\/v2\/pages"}],"about":[{"href":"https:\/\/www.fortearena.com\/it\/wp-json\/wp\/v2\/types\/page"}],"author":[{"embeddable":true,"href":"https:\/\/www.fortearena.com\/it\/wp-json\/wp\/v2\/users\/8"}],"replies":[{"embeddable":true,"href":"https:\/\/www.fortearena.com\/it\/wp-json\/wp\/v2\/comments?post=3942"}],"version-history":[{"count":2,"href":"https:\/\/www.fortearena.com\/it\/wp-json\/wp\/v2\/pages\/3942\/revisions"}],"predecessor-version":[{"id":4490,"href":"https:\/\/www.fortearena.com\/it\/wp-json\/wp\/v2\/pages\/3942\/revisions\/4490"}],"wp:attachment":[{"href":"https:\/\/www.fortearena.com\/it\/wp-json\/wp\/v2\/media?parent=3942"}],"curies":[{"name":"wp","href":"https:\/\/api.w.org\/{rel}","templated":true}]}}