{"id":963,"date":"2016-07-20T12:46:46","date_gmt":"2016-07-20T12:46:46","guid":{"rendered":"http:\/\/fortearena.rc.77test.co.uk\/it\/privacy-policy\/"},"modified":"2019-06-19T19:40:51","modified_gmt":"2019-06-19T19:40:51","slug":"privacy-policy","status":"publish","type":"page","link":"https:\/\/www.fortearena.com\/it\/privacy-policy\/","title":{"rendered":"Privacy Policy"},"content":{"rendered":"<div id='av_section_1'  class='avia-section main_color avia-section-default avia-no-shadow  avia-full-stretch av-section-color-overlay-active avia-bg-style-scroll  avia-builder-el-0  el_before_av_section  avia-builder-el-first   container_wrap sidebar_right' style='background-repeat: no-repeat; background-image: url(https:\/\/www.fortearena.com\/wp-content\/uploads\/2016\/07\/Forte-Arena-arena-night-front.jpg);background-attachment: scroll; background-position: center center;  '  data-section-bg-repeat='stretch'><div class='av-section-color-overlay-wrap'><div class='av-section-color-overlay' style='opacity: 0.3; background-color: #000000; '><\/div><div class='container' ><main  role=\"main\" itemprop=\"mainContentOfPage\"  class='template-page content  av-content-small alpha units'><div class='post-entry post-entry-type-page post-entry-963'><div class='entry-content-wrapper clearfix'>\n<div  style='padding-bottom:10px; color:#ffffff;font-size:70px;' class='av-special-heading av-special-heading-h1 custom-color-heading blockquote modern-quote modern-centered  avia-builder-el-1  avia-builder-el-no-sibling  av-inherit-size '><h1 class='av-special-heading-tag '  itemprop=\"headline\"  >Privacy Policy<\/h1><div class='special-heading-border'><div class='special-heading-inner-border' style='border-color:#ffffff'><\/div><\/div><\/div>\n\n<\/div><\/div><\/main><!-- close content main element --><\/div><\/div><\/div><div id='av_section_2'  class='avia-section main_color avia-section-large avia-no-shadow  avia-bg-style-scroll  avia-builder-el-2  el_after_av_section  avia-builder-el-last   container_wrap sidebar_right' style=' '  ><div class='container' ><div class='template-page content  av-content-small alpha units'><div class='post-entry post-entry-type-page post-entry-963'><div class='entry-content-wrapper clearfix'>\n<div class=\"flex_column av_one_full  flex_column_div av-zero-column-padding first  avia-builder-el-3  avia-builder-el-no-sibling  \" style='border-radius:0px; '><section class=\"av_textblock_section \"  itemscope=\"itemscope\" itemtype=\"https:\/\/schema.org\/CreativeWork\" ><div class='avia_textblock  '   itemprop=\"text\" ><div class='avia-iframe-wrap'>\n<blockquote class=\"wp-embedded-content\" data-secret=\"aw9QPkNBiK\">\n<p><a href=\"http:\/\/www.fortearena.com\/privacy-policy\/\">Privacy Policy<\/a><\/p>\n<\/blockquote>\n<p><iframe loading=\"lazy\" class=\"wp-embedded-content\" sandbox=\"allow-scripts\" security=\"restricted\" style=\"position: absolute; clip: rect(1px, 1px, 1px, 1px);\" src=\"http:\/\/www.fortearena.com\/privacy-policy\/embed\/#?secret=aw9QPkNBiK\" data-secret=\"aw9QPkNBiK\" width=\"600\" height=\"338\" title=\"&#8220;Privacy Policy&#8221; &#8212; Forte Arena\" frameborder=\"0\" marginwidth=\"0\" marginheight=\"0\" scrolling=\"no\"><\/iframe><\/div>\n<p>In questa pagina sono descritte le politiche di riservatezza adottate da Progetto Esmeralda S.r.l. sui propri siti web con riferimento al trattamento dei dati personali dei visitatori che li consultano.<\/p>\n<p>L\u2019informativa qui di seguito esposta \u00e8 resa anche ai sensi dell\u2019articolo dell\u2019art. 13 del Regolamento Europeo 679\/2016a coloro che interagiscono con i servizi web di Progetto Esmeralda S.r.l., accessibili per via telematica.<\/p>\n<p>L\u2019informativa si ispira anche alla Raccomandazione n\u00b02\/2001 che le Autorit\u00e0 Europee per la protezione dei dati personali, riunite nel Gruppo dei Garanti istituito dall\u2019articolo 29 of Directive 95\/46\/EC hanno adottato il 17\/05\/2001 al fine di individuare i requisiti minimi da adottare per proteggere la raccolta di dati personali on-line, nonch\u00e9 le misure minime che devono essere attuate nei confronti delle persone che si collegano a pagine web per garantire la lealt\u00e0 e la liceit\u00e0 di tale trattamento.<\/p>\n<p><strong>Titolare del trattamento<\/strong><\/p>\n<p>La consultazione di questo sito pu\u00f2 dar luogo al trattamento dei dati relativi a persone identificate o identificabili.<\/p>\n<p>Il \u201ctitolare\u201d del loro trattamento dei dati personali \u00e8 Progetto Esmeralda S.r.l., con sede legale in PULA (CA) \u2013 Fraz. Santa Margherita Strada Statale n. 195 Km. 39,600.<\/p>\n<p><strong>Responsabile della Protezione dei Dati<\/strong><\/p>\n<p>Il Responsabile della Protezione dei dati \u00e8 Ecoconsult S.r.l. con sede legale a Milano in via Goldoni, 1.<\/p>\n<p><strong>Luogo di Trattamento dei dati personali &#8211; Profilazione<\/strong><\/p>\n<p>Il sito di Progetto Esmeralda S.r.l. pu\u00f2 essere visitato senza dover fornire alcun dato personale. I dati personali affidati tramite Web a Progetto Esmeralda S.r.l. sono trattati presso il suo complesso turistico alberghiero in Santa Margherita di Pula, SS195 km39.600, e presso la sua sede amministrativa in Santa Margherita di Pula, Cagliari (Italy) \u2013 S.S. 195 Km. 39,600 \u2013 Forte Village. I dati personali sono curati solo da personale tecnico appositamente incaricato del trattamento e, occasionalmente, dagli incaricati delle eventuali operazioni di manutenzione.<\/p>\n<p>I visitatori che utilizzano i moduli di richiesta di prenotazione e di registrazione alla e-newsletter, dovranno comunicare i dati personali (nome, cognome, indirizzo, indirizzo e-mail, n\u00b0 di telefono, ecc) e autorizzarne il trattamento.<\/p>\n<p>I dati personali acquisiti attraverso i servizi Web offerti da Progetto Esmeralda S.r.l. sono custoditi in Santa Margherita di Pula, Cagliari (Italy) SS195 Km39.600, presso il complesso turistico alberghiero del Forte Village Resort e presso le strutture delle societ\u00e0 esterne funzionali all\u2019erogazione dei servizi stessi (ad es. software house, server farm o agenzie web). I dati sono curati solo da personale tecnico incaricato del trattamento o dagli incaricati di occasionali interventi di manutenzioneInoltre si precisa che la societ\u00e0 non effettuer\u00e0 trattamento di dati con processi decisionali automatizzati se non chiedendole espressamente il consenso.<\/p>\n<p><strong>Tipi di dati trattati<\/strong><\/p>\n<p><strong>Dati di navigazione<\/strong><\/p>\n<p>I sistemi informatici e le procedure software preposte al funzionamento del presente sito web acquisiscono, nel corso del loro normale esercizio, alcuni dati personali la cui trasmissione \u00e8 implicita nell\u2019uso dei protocolli di comunicazione di Internet. Si tratta di informazioni che non sono raccolte per essere associate a interessati identificati, ma che per la loro stessa natura potrebbero, attraverso elaborazioni ed associazioni con dati detenuti da terzi, permettere di identificare gli utenti. In questa categoria di dati rientrano gli indirizzi IP o i nomi a dominio dei computer utilizzati dagli utenti che si connettono al sito web, gli indirizzi in notazione URI (Uniform Resource Identifier) delle risorse richieste, l\u2019orario della richiesta, il metodo utilizzato nel sottoporre la richiesta al server, la dimensione dei file ottenuti in risposta, il codice numerico indicante lo stato della risposta data dal server ed altri parametri relativi al sistema operativo e all\u2019ambiente informatico dell\u2019utente. Questi dati vengono utilizzati al solo fine di ricavare informazioni statistiche anonime sull\u2019uso del presente sito web e per controllarne il corretto funzionamento. Potrebbero inoltre essere utilizzati al fine di accertare le eventuali responsabilit\u00e0 in caso di ipotetici reati informatici ai danni del sito: salva tale eventualit\u00e0, i dati personali sono conservati per non pi\u00f9 di trenta giorni.<\/p>\n<p><strong>Cookies<\/strong><\/p>\n<p>Progetto Esmeralda S.r.l. non raccoglie e\/o preleva automaticamente alcuna informazione di carattere personale dei visitatori dei loro siti web. Il presente sito web utilizza cookies secondo quanto richiesto dal provvedimento del Garante per la Privacy del 4 giugno 2014.<\/p>\n<p>I Cookie sono costituiti da porzioni di codice installate all\u2019interno del browser che assistono il Titolare nell\u2019erogazione del servizio in base alle finalit\u00e0 descritte. Alcune delle finalit\u00e0 di installazione dei Cookie potrebbero, inoltre, necessitare del consenso dell\u2019Utente.<\/p>\n<p>Cookie tecnici e di statistica aggregata<\/p>\n<ul>\n<li>Attivit\u00e0 strettamente necessarie al funzionamento<\/li>\n<\/ul>\n<p>Questa Applicazione utilizza Cookie per salvare la sessione dell\u2019Utente e per svolgere altre attivit\u00e0 strettamente necessarie al funzionamento dello stesso, ad esempio in relazione alla distribuzione del traffico.<\/p>\n<ul>\n<li>Attivit\u00e0 di salvataggio delle preferenze, ottimizzazione e statistica<\/li>\n<\/ul>\n<p>Questa Applicazione utilizza Cookie per salvare le preferenze di navigazione ed ottimizzare l\u2019esperienza di navigazione dell\u2019Utente. Fra questi Cookie rientrano, ad esempio, quelli per impostare la lingua e la valuta o per la gestione di statistiche da parte del Titolare del sito.<\/p>\n<p>Altre tipologie di Cookie o strumenti terzi che potrebbero farne utilizzo<\/p>\n<p>Alcuni dei servizi elencati di seguito raccolgono statistiche in forma aggregata e potrebbero non richiedere il consenso dell\u2019Utente o potrebbero essere gestiti direttamente dal Titolare \u2013 a seconda di quanto descritto \u2013 senza l\u2019ausilio di terzi.<\/p>\n<p>Qualora fra gli strumenti indicati in seguito fossero presenti servizi gestiti da terzi, questi potrebbero \u2013 in aggiunta a quanto specificato ed anche all\u2019insaputa del Titolare \u2013 compiere attivit\u00e0 di tracciamento dell\u2019Utente. Per informazioni dettagliate in merito, si consiglia di consultare le privacy policy dei servizi elencati.<\/p>\n<ul>\n<li>Statistica<\/li>\n<\/ul>\n<p>I servizi contenuti nella presente sezione permettono al Titolare del Trattamento di monitorare e analizzare i dati di traffico e servono a tener traccia del comportamento dell\u2019Utente.<\/p>\n<p>La tabella di seguito riporta i cookies utilizzati nel sito:<\/p>\n<table>\n<tbody>\n<tr>\n<td width=\"138\"><strong>Nome<\/strong><\/td>\n<td width=\"136\"><strong>Tipo<\/strong><\/td>\n<td width=\"141\"><strong>Durata<\/strong><\/td>\n<td width=\"226\"><strong>Descrizione<\/strong><\/td>\n<\/tr>\n<tr>\n<td width=\"138\">PHPSESSID<\/td>\n<td width=\"136\">Tecnico<\/td>\n<td width=\"141\">Chiusura del broswer<\/td>\n<td width=\"226\">Il cookie PHPSESSID \u00e8 un cookie nativo di PHP e consente ai siti Web di memorizzare dati sullo stato della sessione.<\/td>\n<\/tr>\n<tr>\n<td width=\"138\">_ga<\/td>\n<td width=\"136\">Analitico<\/td>\n<td width=\"141\">2 anni<\/td>\n<td width=\"226\">Cookie di tracciamento di terze parti (Google Analytics) utilizzato per l\u2019analisi delle visite.<\/td>\n<\/tr>\n<tr>\n<td width=\"138\">_gid<\/td>\n<td width=\"136\">Performance<\/td>\n<td width=\"141\">6 mesi<\/td>\n<td width=\"226\">This cookie name is asssociated with Google Universal Analytics. This appears to be a new cookie and as of Spring 2017 no information is available from Google. It appears to store and update a unique value for each page visited.<\/td>\n<\/tr>\n<tr>\n<td width=\"138\">_icl_current_language<\/td>\n<td width=\"136\">Tecnico<\/td>\n<td width=\"141\">24 ore<\/td>\n<td width=\"226\">Questo cookie \u00e8 utilizzato dal plugin di WordPress WPML e serve a ricordare il codice della lingua dell\u2019ultima pagina visitata.<\/td>\n<\/tr>\n<tr>\n<td width=\"138\">_gat_gtag_UA_XXXXXXX<\/td>\n<td width=\"136\">Analitico<\/td>\n<td width=\"141\">1 minuto<\/td>\n<td width=\"226\">Analisi utilizzo del sito in forma anonima (mascheramento\/anonimizzazione IP)<\/td>\n<\/tr>\n<\/tbody>\n<\/table>\n<p>Come posso controllare l\u2019installazione di Cookie?<\/p>\n<p>In aggiunta a quanto indicato in questo documento, l\u2019Utente pu\u00f2 gestire le preferenze relative ai Cookie direttamente all\u2019interno del proprio browser ed impedire \u2013 ad esempio \u2013 che terze parti possano installarne. Tramite le preferenze del browser \u00e8 inoltre possibile eliminare i Cookie installati in passato, incluso il Cookie in cui venga eventualmente salvato il consenso all\u2019installazione di Cookie da parte di questo sito. \u00c8 importante notare che disabilitando tutti i Cookie, il funzionamento di questo sito potrebbe essere compromesso. L\u2019Utente pu\u00f2 trovare informazioni su come gestire i Cookie nel suo browser ai seguenti indirizzi: Google Chrome, Mozilla Firefox, Apple Safari e Microsoft Windows Explorer.<\/p>\n<p>In caso di servizi erogati da terze parti, l\u2019Utente pu\u00f2 inoltre esercitare il proprio diritto ad opporsi al tracciamento informandosi tramite la privacy policy della terza parte, tramite il link di opt out se esplicitamente fornito o contattando direttamente la stessa.<\/p>\n<p>Fermo restando quanto precede, il Titolare informa che l\u2019Utente pu\u00f2 avvalersi di Your Online Choices (https:\/\/www.youronlinechoices.com\/). Attraverso tale servizio \u00e8 possibile gestire le preferenze di tracciamento della maggior parte degli strumenti pubblicitari. Il Titolare, pertanto, consiglia agli Utenti di utilizzare tale risorsa in aggiunta alle informazioni fornite dal presente documento.<\/p>\n<p><strong>Facoltativit\u00e0 del conferimento dei dati<\/strong><\/p>\n<p>A parte quanto specificato per i dati di navigazione, l\u2019utente \u00e8 libero di fornire i dati personali per sollecitare l\u2019invio di materiale informativo o di altri tipi di servizi offerti da Progetto Esmeralda S.r.l.. Il mancato conferimento dei dati pu\u00f2 comportare l\u2019impossibilit\u00e0 di ottenere il servizio richiesto.<\/p>\n<p><strong>Modalit\u00e0 del Trattamento<\/strong><\/p>\n<p>I dati personali sono trattati con strumenti automatizzati per il tempo strettamente necessario al conseguimento degli scopi per cui sono stati raccolti \u00a0e comunque, nel rispetto dei principi di necessit\u00e0, finalit\u00e0, pertinenza e non eccedenza sanciti ai sensi del Regolamento. Specifiche misure di sicurezza sono osservate per prevenire la perdita dei dati, usi illeciti o non corretti ed accessi non autorizzati.<\/p>\n<p><strong>Diritti degli interessati<\/strong><\/p>\n<p>Informiamo, infine, che gli artt. 15- 22 del Regolamento conferisce agli interessati l\u2019esercizio di specifici diritti. Con il Regolamento sono presenti il diritto ad ottenere dal titolare la conferma dell\u2019esistenza o meno di propri dati personali e che tali dati vengano messi a disposizione in forma intellegibile; di conoscere l\u2019origine dei dati nonch\u00e9 la logica e le finalit\u00e0 su cui si basa il trattamento; di ottenere la cancellazione, la trasformazione in forma anonima o il blocco dei dati trattati in violazione di legge nonch\u00e9 l\u2019aggiornamento, la rettificazione o, se vi \u00e8 interesse, l\u2019integrazione dei dati; di opporsi, per motivi legittimi, al trattamento stesso. Il Regolamento Europeo riconosce, inoltre, all\u2019interessato il diritto di presentare un reclamo all\u2019autorit\u00e0 di controllo, il diritto di revocare il consenso in qualsiasi momento ed il diritto alla portabilit\u00e0 dei dati.<\/p>\n<p>Per l\u2019esercizio di tali diritti potr\u00e0 rivolgersi direttamente alla nostra Societ\u00e0 a Progetto Esmeralda S.r.l., PULA (CA) \u2013 Fraz. Santa Margherita di Pula \u2013 Strada Statale n. 195 Km. 39,600 ovvero all\u2019indirizzo e-mail: privacyfvr@fortevillage.com<\/p>\n<p>Agli effetti del Regolamento Europeo 679\/2016:<\/p>\n<ul>\n<li>Titolare del trattamento \u00e8 Progetto Esmeralda S.r.l., con sede in Pula, Localit\u00e0 Santa Margherita, S.S. 195 Km 39,600, in persona del legale rappresentante pro-tempore.<\/li>\n<li>Responsabile della Protezione dei dati personali \u00e8 Ecoconsult S.r.l., con sede in Milano, Via Goldoni, 1.<\/li>\n<\/ul>\n<\/div><\/section><\/div><\/div><\/div><\/div><!-- close content main div --><\/div><\/div><div id='after_section_2'  class='main_color av_default_container_wrap container_wrap sidebar_right' style=' '  ><div class='container' ><div class='template-page content  av-content-small alpha units'><div class='post-entry post-entry-type-page post-entry-963'><div class='entry-content-wrapper clearfix'>\n","protected":false},"excerpt":{"rendered":"","protected":false},"author":2,"featured_media":0,"parent":0,"menu_order":0,"comment_status":"closed","ping_status":"closed","template":"","meta":{"footnotes":""},"class_list":["post-963","page","type-page","status-publish","hentry"],"yoast_head":"<!-- This site is optimized with the Yoast SEO plugin v23.0 - https:\/\/yoast.com\/wordpress\/plugins\/seo\/ -->\n<title>Privacy Policy - Forte Arena<\/title>\n<meta name=\"robots\" content=\"index, follow, max-snippet:-1, max-image-preview:large, max-video-preview:-1\" \/>\n<link rel=\"canonical\" href=\"https:\/\/www.fortearena.com\/it\/privacy-policy\/\" \/>\n<meta property=\"og:locale\" content=\"it_IT\" \/>\n<meta property=\"og:type\" content=\"article\" \/>\n<meta property=\"og:title\" content=\"Privacy Policy - Forte Arena\" \/>\n<meta property=\"og:url\" content=\"https:\/\/www.fortearena.com\/it\/privacy-policy\/\" \/>\n<meta property=\"og:site_name\" content=\"Forte Arena\" \/>\n<meta property=\"article:modified_time\" content=\"2019-06-19T19:40:51+00:00\" \/>\n<meta name=\"twitter:card\" content=\"summary_large_image\" \/>\n<meta name=\"twitter:label1\" content=\"Est. reading time\" \/>\n\t<meta name=\"twitter:data1\" content=\"9 minutes\" \/>\n<script type=\"application\/ld+json\" class=\"yoast-schema-graph\">{\"@context\":\"https:\/\/schema.org\",\"@graph\":[{\"@type\":\"WebPage\",\"@id\":\"https:\/\/www.fortearena.com\/it\/privacy-policy\/\",\"url\":\"https:\/\/www.fortearena.com\/it\/privacy-policy\/\",\"name\":\"Privacy Policy - Forte Arena\",\"isPartOf\":{\"@id\":\"https:\/\/www.fortearena.com\/it\/#website\"},\"datePublished\":\"2016-07-20T12:46:46+00:00\",\"dateModified\":\"2019-06-19T19:40:51+00:00\",\"breadcrumb\":{\"@id\":\"https:\/\/www.fortearena.com\/it\/privacy-policy\/#breadcrumb\"},\"inLanguage\":\"it-IT\",\"potentialAction\":[{\"@type\":\"ReadAction\",\"target\":[\"https:\/\/www.fortearena.com\/it\/privacy-policy\/\"]}]},{\"@type\":\"BreadcrumbList\",\"@id\":\"https:\/\/www.fortearena.com\/it\/privacy-policy\/#breadcrumb\",\"itemListElement\":[{\"@type\":\"ListItem\",\"position\":1,\"name\":\"Home\",\"item\":\"https:\/\/www.fortearena.com\/it\/benvenuti\/\"},{\"@type\":\"ListItem\",\"position\":2,\"name\":\"Privacy Policy\"}]},{\"@type\":\"WebSite\",\"@id\":\"https:\/\/www.fortearena.com\/it\/#website\",\"url\":\"https:\/\/www.fortearena.com\/it\/\",\"name\":\"Forte Arena\",\"description\":\"Where culture meets entertainment\",\"potentialAction\":[{\"@type\":\"SearchAction\",\"target\":{\"@type\":\"EntryPoint\",\"urlTemplate\":\"https:\/\/www.fortearena.com\/it\/?s={search_term_string}\"},\"query-input\":\"required name=search_term_string\"}],\"inLanguage\":\"it-IT\"}]}<\/script>\n<!-- \/ Yoast SEO plugin. -->","yoast_head_json":{"title":"Privacy Policy - Forte Arena","robots":{"index":"index","follow":"follow","max-snippet":"max-snippet:-1","max-image-preview":"max-image-preview:large","max-video-preview":"max-video-preview:-1"},"canonical":"https:\/\/www.fortearena.com\/it\/privacy-policy\/","og_locale":"it_IT","og_type":"article","og_title":"Privacy Policy - Forte Arena","og_url":"https:\/\/www.fortearena.com\/it\/privacy-policy\/","og_site_name":"Forte Arena","article_modified_time":"2019-06-19T19:40:51+00:00","twitter_card":"summary_large_image","twitter_misc":{"Est. reading time":"9 minutes"},"schema":{"@context":"https:\/\/schema.org","@graph":[{"@type":"WebPage","@id":"https:\/\/www.fortearena.com\/it\/privacy-policy\/","url":"https:\/\/www.fortearena.com\/it\/privacy-policy\/","name":"Privacy Policy - Forte Arena","isPartOf":{"@id":"https:\/\/www.fortearena.com\/it\/#website"},"datePublished":"2016-07-20T12:46:46+00:00","dateModified":"2019-06-19T19:40:51+00:00","breadcrumb":{"@id":"https:\/\/www.fortearena.com\/it\/privacy-policy\/#breadcrumb"},"inLanguage":"it-IT","potentialAction":[{"@type":"ReadAction","target":["https:\/\/www.fortearena.com\/it\/privacy-policy\/"]}]},{"@type":"BreadcrumbList","@id":"https:\/\/www.fortearena.com\/it\/privacy-policy\/#breadcrumb","itemListElement":[{"@type":"ListItem","position":1,"name":"Home","item":"https:\/\/www.fortearena.com\/it\/benvenuti\/"},{"@type":"ListItem","position":2,"name":"Privacy Policy"}]},{"@type":"WebSite","@id":"https:\/\/www.fortearena.com\/it\/#website","url":"https:\/\/www.fortearena.com\/it\/","name":"Forte Arena","description":"Where culture meets entertainment","potentialAction":[{"@type":"SearchAction","target":{"@type":"EntryPoint","urlTemplate":"https:\/\/www.fortearena.com\/it\/?s={search_term_string}"},"query-input":"required name=search_term_string"}],"inLanguage":"it-IT"}]}},"_links":{"self":[{"href":"https:\/\/www.fortearena.com\/it\/wp-json\/wp\/v2\/pages\/963"}],"collection":[{"href":"https:\/\/www.fortearena.com\/it\/wp-json\/wp\/v2\/pages"}],"about":[{"href":"https:\/\/www.fortearena.com\/it\/wp-json\/wp\/v2\/types\/page"}],"author":[{"embeddable":true,"href":"https:\/\/www.fortearena.com\/it\/wp-json\/wp\/v2\/users\/2"}],"replies":[{"embeddable":true,"href":"https:\/\/www.fortearena.com\/it\/wp-json\/wp\/v2\/comments?post=963"}],"version-history":[{"count":5,"href":"https:\/\/www.fortearena.com\/it\/wp-json\/wp\/v2\/pages\/963\/revisions"}],"predecessor-version":[{"id":3939,"href":"https:\/\/www.fortearena.com\/it\/wp-json\/wp\/v2\/pages\/963\/revisions\/3939"}],"wp:attachment":[{"href":"https:\/\/www.fortearena.com\/it\/wp-json\/wp\/v2\/media?parent=963"}],"curies":[{"name":"wp","href":"https:\/\/api.w.org\/{rel}","templated":true}]}}