{"id":3895,"date":"2019-06-03T07:13:40","date_gmt":"2019-06-03T07:13:40","guid":{"rendered":"http:\/\/www.fortearena.com\/it\/calendario-spettacoli\/fiorello\/"},"modified":"2024-08-20T13:01:46","modified_gmt":"2024-08-20T13:01:46","slug":"fiorello","status":"publish","type":"product","link":"https:\/\/www.fortearena.com\/it\/calendario-spettacoli\/fiorello\/","title":{"rendered":"Fiorello"},"content":{"rendered":"<div id='full_slider_1'  class='avia-fullwidth-slider main_color avia-shadow   avia-builder-el-0  el_before_av_submenu  avia-builder-el-first   container_wrap sidebar_right' style=' '  ><div   data-size='featured'  data-lightbox_size='large'  data-animation='fade'  data-conditional_play=''  data-ids='3899'  data-video_counter='0'  data-autoplay='true'  data-bg_slider='false'  data-slide_height=''  data-handle='av_slideshow_full'  data-interval='5'  data-class=' '  data-el_id=''  data-css_id=''  data-scroll_down=''  data-control_layout='av-control-minimal'  data-custom_markup=''  data-perma_caption=''  data-autoplay_stopper=''  data-image_attachment=''  data-min_height='0px'  data-src=''  data-position='top left'  data-repeat='no-repeat'  data-attach='scroll'  data-stretch=''  data-default-height='28.666666666667'  class='avia-slideshow avia-slideshow-1  av-control-minimal av-default-height-applied avia-slideshow-featured av_slideshow_full   avia-fade-slider '  itemprop=\"image\" itemscope=\"itemscope\" itemtype=\"https:\/\/schema.org\/ImageObject\" ><ul class='avia-slideshow-inner ' style='padding-bottom: 28.666666666667%;' ><li  class=' av-single-slide slide-1 ' ><div data-rel='slideshow-1' class='avia-slide-wrap '   ><img src='https:\/\/www.fortearena.com\/wp-content\/uploads\/2019\/06\/3840x1100-4-1500x430.jpg' width='1500' height='430' title='3840x1100-4' alt=''  itemprop=\"thumbnailUrl\"   \/><\/div><\/li><\/ul><\/div><\/div>\n<div class='clear'><\/div><div id='sub_menu1'  class='av-submenu-container main_color  avia-builder-el-1  el_after_av_slideshow_full  el_before_av_layout_row  av-sticky-submenu  submenu-not-first container_wrap sidebar_right' style='  z-index:301' ><div class='container av-menu-mobile-disabled '><ul id='av-custom-submenu-1' class='av-subnav-menu av-submenu-pos-center'>\n<li class='menu-item menu-item-top-level  menu-item-top-level-1'><a href='#Location' ><span class='avia-bullet'><\/span><span class='avia-menu-text'>Location<\/span><\/a><\/li>\n<\/ul><\/div><\/div><div class='sticky_placeholder'><\/div>\n<div id='av-layout-grid-1'  class='av-layout-grid-container entry-content-wrapper main_color av-flex-cells     avia-builder-el-2  el_after_av_submenu  el_before_av_layout_row  submenu-not-first container_wrap sidebar_right' style=' '  >\n<div class=\"flex_cell no_margin av_one_half  avia-builder-el-3  el_before_av_cell_one_half  avia-builder-el-first   \"  style='vertical-align:top; padding:30px; ' ><div class='flex_cell_inner' ><p><div class=\"flex_column av_one_half  flex_column_div av-zero-column-padding first  avia-builder-el-4  el_before_av_one_half  avia-builder-el-first  \" style='border-radius:0px; '><div  class='avia-icon-list-container   avia-builder-el-5  avia-builder-el-no-sibling '><ul class='avia-icon-list avia-icon-list-left av-iconlist-big avia_animate_when_almost_visible avia-iconlist-animate'>\n<li><div  class='iconlist_icon  avia-font-entypo-fontello'><span class='iconlist-char ' aria-hidden='true' data-av_icon='\ue862' data-av_iconfont='entypo-fontello'><\/span><\/div><article class=\"article-icon-entry \"  itemscope=\"itemscope\" itemtype=\"https:\/\/schema.org\/CreativeWork\" ><div class='iconlist_content_wrap'><header class=\"entry-content-header\"><h4 class='av_iconlist_title iconlist_title   '  itemprop=\"headline\"  >Data<\/h4><\/header><div class='iconlist_content  '  itemprop=\"text\"  ><p>20 Luglio 2019<\/p>\n<\/div><\/div><footer class=\"entry-footer\"><\/footer><\/article><div class='iconlist-timeline'><\/div><\/li>\n<li><div  class='iconlist_icon  avia-font-entypo-fontello'><span class='iconlist-char ' aria-hidden='true' data-av_icon='\ue844' data-av_iconfont='entypo-fontello'><\/span><\/div><article class=\"article-icon-entry \"  itemscope=\"itemscope\" itemtype=\"https:\/\/schema.org\/CreativeWork\" ><div class='iconlist_content_wrap'><header class=\"entry-content-header\"><h4 class='av_iconlist_title iconlist_title   '  itemprop=\"headline\"  >Location<\/h4><\/header><div class='iconlist_content  '  itemprop=\"text\"  ><p>Forte Arena,<\/p>\n<p>Strada Statale 195, Km 39,<\/p>\n<p>09010 Pula, Italy<\/p>\n<\/div><\/div><footer class=\"entry-footer\"><\/footer><\/article><div class='iconlist-timeline'><\/div><\/li>\n<\/ul><\/div><\/div><div class=\"flex_column av_one_half  flex_column_div av-zero-column-padding   avia-builder-el-6  el_after_av_one_half  avia-builder-el-last  \" style='border-radius:0px; '><div  class='avia-icon-list-container   avia-builder-el-7  avia-builder-el-no-sibling '><ul class='avia-icon-list avia-icon-list-left av-iconlist-big avia_animate_when_almost_visible avia-iconlist-animate'>\n<li><div  class='iconlist_icon  avia-font-entypo-fontello'><span class='iconlist-char ' aria-hidden='true' data-av_icon='\ue8cb' data-av_iconfont='entypo-fontello'><\/span><\/div><article class=\"article-icon-entry av-iconlist-empty\"  itemscope=\"itemscope\" itemtype=\"https:\/\/schema.org\/CreativeWork\" ><div class='iconlist_content_wrap'><header class=\"entry-content-header\"><h4 class='av_iconlist_title iconlist_title   '  itemprop=\"headline\"  >Biglietti disponibili<\/h4><\/header><div class='iconlist_content  '  itemprop=\"text\"  ><\/div><\/div><footer class=\"entry-footer\"><\/footer><\/article><div class='iconlist-timeline'><\/div><\/li>\n<\/ul><\/div><\/div><\/p>\n<\/div><\/div><div class=\"flex_cell no_margin av_one_half  avia-builder-el-8  el_after_av_cell_one_half  avia-builder-el-last   \"  style='vertical-align:top; padding:30px; ' ><div class='flex_cell_inner' ><p><section class=\"av_textblock_section \"  itemscope=\"itemscope\" itemtype=\"https:\/\/schema.org\/CreativeWork\" ><div class='avia_textblock  '   itemprop=\"text\" ><p>Lo showman pi\u00f9 amato dagli italiani Fiorello, torna alla Forte Arena con un nuovo imperdibile spettacolo ideato per l\u2019evento che lo vedr\u00e0 protagonista il prossimo il 20 luglio 2019 presso la Forte Arena. Fiorello, in questa unica serata, porter\u00e0 sul palco la sua e la nostra quotidianit\u00e0. A suo modo, racconter\u00e0 vizi e virt\u00f9 di un\u2019Italia che cambia, attraverso monologhi, gag e momenti di pura improvvisazione, che prendono spunto dall\u2019attualit\u00e0 e dalle vicende personali di Fiorello stesso. L\u2019ironia, marchio di fabbrica del Rosario nazionale, sar\u00e0 la musa ispiratrice e trainante dell\u2019intero show.<\/p>\n<\/div><\/section><br \/>\n<div class=\"flex_column av_one_third  flex_column_div av-zero-column-padding first  avia-builder-el-10  el_after_av_textblock  el_before_av_one_third  column-top-margin\" style='border-radius:0px; '><div  class='avia-button-wrap avia-button-center  avia-builder-el-11  avia-builder-el-no-sibling ' ><a href='https:\/\/www.boxol.it\/it\/event\/rosario-fiorello-in-fiorello-forte-arena-co-forte-village-santa-margherita-di-pula\/275754'  class='avia-button   avia-icon_select-yes-left-icon avia-color-blue avia-size-large avia-position-center '   ><span class='avia_button_icon avia_button_icon_left ' aria-hidden='true' data-av_icon='\ue800' data-av_iconfont='entypo-fontello'><\/span><span class='avia_iconbox_title' >Acquista i biglietti su BoxOffice!<\/span><\/a><\/div><\/div><div class=\"flex_column av_one_third  flex_column_div av-zero-column-padding   avia-builder-el-12  el_after_av_one_third  el_before_av_one_third  column-top-margin\" style='border-radius:0px; '><\/div><div class=\"flex_column av_one_third  flex_column_div av-zero-column-padding   avia-builder-el-13  el_after_av_one_third  avia-builder-el-last  column-top-margin\" style='border-radius:0px; '><div  class='avia-button-wrap avia-button-center  avia-builder-el-14  avia-builder-el-no-sibling ' ><a href='https:\/\/www.ticketone.it\/rosario-fiorello-in-fiorello-santa-margherita-di-pula-biglietti.html?affiliate=ITT&amp;doc=artistPages%2Ftickets&amp;fun=artist&amp;action=tickets&amp;key=2470396%2412008236&amp;jumpIn=yTix&amp;kuid=487577&amp;from=erdetaila'  class='avia-button   avia-icon_select-yes-left-icon avia-color-orange avia-size-large avia-position-center '   ><span class='avia_button_icon avia_button_icon_left ' aria-hidden='true' data-av_icon='\ue800' data-av_iconfont='entypo-fontello'><\/span><span class='avia_iconbox_title' >Acquista i biglietti su TicketOne!<\/span><\/a><\/div><\/div><\/p>\n<\/div><\/div><\/div><div id='av-layout-grid-2'  class='av-layout-grid-container entry-content-wrapper main_color av-flex-cells     avia-builder-el-15  el_after_av_layout_row  avia-builder-el-last  submenu-not-first container_wrap sidebar_right' style=' '  >\n<div class=\"flex_cell no_margin av_one_full  avia-builder-el-16  avia-builder-el-no-sibling   \" ><div class='flex_cell_inner' >\n<\/div><\/div>\n<\/div><\/p>\n","protected":false},"excerpt":{"rendered":"<p>20 Luglio 2019<\/p>\n","protected":false},"featured_media":3909,"comment_status":"closed","ping_status":"closed","template":"","meta":[],"product_cat":[104,156],"product_tag":[],"class_list":{"0":"post-3895","1":"product","2":"type-product","3":"status-publish","4":"has-post-thumbnail","6":"product_cat-concert-it","7":"product_cat-past-event-it","9":"first","10":"instock","11":"shipping-taxable","12":"product-type-simple"},"yoast_head":"<!-- This site is optimized with the Yoast SEO plugin v23.0 - https:\/\/yoast.com\/wordpress\/plugins\/seo\/ -->\n<title>Fiorello - Forte Arena<\/title>\n<meta name=\"robots\" content=\"index, follow, max-snippet:-1, max-image-preview:large, max-video-preview:-1\" \/>\n<link rel=\"canonical\" href=\"https:\/\/www.fortearena.com\/it\/calendario-spettacoli\/fiorello\/\" \/>\n<meta property=\"og:locale\" content=\"it_IT\" \/>\n<meta property=\"og:type\" content=\"article\" \/>\n<meta property=\"og:title\" content=\"Fiorello - Forte Arena\" \/>\n<meta property=\"og:description\" content=\"20 Luglio 2019\" \/>\n<meta property=\"og:url\" content=\"https:\/\/www.fortearena.com\/it\/calendario-spettacoli\/fiorello\/\" \/>\n<meta property=\"og:site_name\" content=\"Forte Arena\" \/>\n<meta property=\"article:modified_time\" content=\"2024-08-20T13:01:46+00:00\" \/>\n<meta property=\"og:image\" content=\"http:\/\/www.fortearena.com\/wp-content\/uploads\/2019\/06\/760x760-1.jpg\" \/>\n\t<meta property=\"og:image:width\" content=\"760\" \/>\n\t<meta property=\"og:image:height\" content=\"760\" \/>\n\t<meta property=\"og:image:type\" content=\"image\/jpeg\" \/>\n<meta name=\"twitter:card\" content=\"summary_large_image\" \/>\n<meta name=\"twitter:label1\" content=\"Est. reading time\" \/>\n\t<meta name=\"twitter:data1\" content=\"5 minutes\" \/>\n<script type=\"application\/ld+json\" class=\"yoast-schema-graph\">{\"@context\":\"https:\/\/schema.org\",\"@graph\":[{\"@type\":\"WebPage\",\"@id\":\"https:\/\/www.fortearena.com\/it\/calendario-spettacoli\/fiorello\/\",\"url\":\"https:\/\/www.fortearena.com\/it\/calendario-spettacoli\/fiorello\/\",\"name\":\"Fiorello - Forte Arena\",\"isPartOf\":{\"@id\":\"https:\/\/www.fortearena.com\/it\/#website\"},\"primaryImageOfPage\":{\"@id\":\"https:\/\/www.fortearena.com\/it\/calendario-spettacoli\/fiorello\/#primaryimage\"},\"image\":{\"@id\":\"https:\/\/www.fortearena.com\/it\/calendario-spettacoli\/fiorello\/#primaryimage\"},\"thumbnailUrl\":\"https:\/\/www.fortearena.com\/wp-content\/uploads\/2019\/06\/760x760-1.jpg\",\"datePublished\":\"2019-06-03T07:13:40+00:00\",\"dateModified\":\"2024-08-20T13:01:46+00:00\",\"breadcrumb\":{\"@id\":\"https:\/\/www.fortearena.com\/it\/calendario-spettacoli\/fiorello\/#breadcrumb\"},\"inLanguage\":\"it-IT\",\"potentialAction\":[{\"@type\":\"ReadAction\",\"target\":[\"https:\/\/www.fortearena.com\/it\/calendario-spettacoli\/fiorello\/\"]}]},{\"@type\":\"ImageObject\",\"inLanguage\":\"it-IT\",\"@id\":\"https:\/\/www.fortearena.com\/it\/calendario-spettacoli\/fiorello\/#primaryimage\",\"url\":\"https:\/\/www.fortearena.com\/wp-content\/uploads\/2019\/06\/760x760-1.jpg\",\"contentUrl\":\"https:\/\/www.fortearena.com\/wp-content\/uploads\/2019\/06\/760x760-1.jpg\",\"width\":760,\"height\":760},{\"@type\":\"BreadcrumbList\",\"@id\":\"https:\/\/www.fortearena.com\/it\/calendario-spettacoli\/fiorello\/#breadcrumb\",\"itemListElement\":[{\"@type\":\"ListItem\",\"position\":1,\"name\":\"Home\",\"item\":\"https:\/\/www.fortearena.com\/it\/benvenuti\/\"},{\"@type\":\"ListItem\",\"position\":2,\"name\":\"Shop\",\"item\":\"https:\/\/www.fortearena.com\/?page_id=40\"},{\"@type\":\"ListItem\",\"position\":3,\"name\":\"Fiorello\"}]},{\"@type\":\"WebSite\",\"@id\":\"https:\/\/www.fortearena.com\/it\/#website\",\"url\":\"https:\/\/www.fortearena.com\/it\/\",\"name\":\"Forte Arena\",\"description\":\"Where culture meets entertainment\",\"potentialAction\":[{\"@type\":\"SearchAction\",\"target\":{\"@type\":\"EntryPoint\",\"urlTemplate\":\"https:\/\/www.fortearena.com\/it\/?s={search_term_string}\"},\"query-input\":\"required name=search_term_string\"}],\"inLanguage\":\"it-IT\"}]}<\/script>\n<!-- \/ Yoast SEO plugin. -->","yoast_head_json":{"title":"Fiorello - Forte Arena","robots":{"index":"index","follow":"follow","max-snippet":"max-snippet:-1","max-image-preview":"max-image-preview:large","max-video-preview":"max-video-preview:-1"},"canonical":"https:\/\/www.fortearena.com\/it\/calendario-spettacoli\/fiorello\/","og_locale":"it_IT","og_type":"article","og_title":"Fiorello - Forte Arena","og_description":"20 Luglio 2019","og_url":"https:\/\/www.fortearena.com\/it\/calendario-spettacoli\/fiorello\/","og_site_name":"Forte Arena","article_modified_time":"2024-08-20T13:01:46+00:00","og_image":[{"width":760,"height":760,"url":"http:\/\/www.fortearena.com\/wp-content\/uploads\/2019\/06\/760x760-1.jpg","type":"image\/jpeg"}],"twitter_card":"summary_large_image","twitter_misc":{"Est. reading time":"5 minutes"},"schema":{"@context":"https:\/\/schema.org","@graph":[{"@type":"WebPage","@id":"https:\/\/www.fortearena.com\/it\/calendario-spettacoli\/fiorello\/","url":"https:\/\/www.fortearena.com\/it\/calendario-spettacoli\/fiorello\/","name":"Fiorello - Forte Arena","isPartOf":{"@id":"https:\/\/www.fortearena.com\/it\/#website"},"primaryImageOfPage":{"@id":"https:\/\/www.fortearena.com\/it\/calendario-spettacoli\/fiorello\/#primaryimage"},"image":{"@id":"https:\/\/www.fortearena.com\/it\/calendario-spettacoli\/fiorello\/#primaryimage"},"thumbnailUrl":"https:\/\/www.fortearena.com\/wp-content\/uploads\/2019\/06\/760x760-1.jpg","datePublished":"2019-06-03T07:13:40+00:00","dateModified":"2024-08-20T13:01:46+00:00","breadcrumb":{"@id":"https:\/\/www.fortearena.com\/it\/calendario-spettacoli\/fiorello\/#breadcrumb"},"inLanguage":"it-IT","potentialAction":[{"@type":"ReadAction","target":["https:\/\/www.fortearena.com\/it\/calendario-spettacoli\/fiorello\/"]}]},{"@type":"ImageObject","inLanguage":"it-IT","@id":"https:\/\/www.fortearena.com\/it\/calendario-spettacoli\/fiorello\/#primaryimage","url":"https:\/\/www.fortearena.com\/wp-content\/uploads\/2019\/06\/760x760-1.jpg","contentUrl":"https:\/\/www.fortearena.com\/wp-content\/uploads\/2019\/06\/760x760-1.jpg","width":760,"height":760},{"@type":"BreadcrumbList","@id":"https:\/\/www.fortearena.com\/it\/calendario-spettacoli\/fiorello\/#breadcrumb","itemListElement":[{"@type":"ListItem","position":1,"name":"Home","item":"https:\/\/www.fortearena.com\/it\/benvenuti\/"},{"@type":"ListItem","position":2,"name":"Shop","item":"https:\/\/www.fortearena.com\/?page_id=40"},{"@type":"ListItem","position":3,"name":"Fiorello"}]},{"@type":"WebSite","@id":"https:\/\/www.fortearena.com\/it\/#website","url":"https:\/\/www.fortearena.com\/it\/","name":"Forte Arena","description":"Where culture meets entertainment","potentialAction":[{"@type":"SearchAction","target":{"@type":"EntryPoint","urlTemplate":"https:\/\/www.fortearena.com\/it\/?s={search_term_string}"},"query-input":"required name=search_term_string"}],"inLanguage":"it-IT"}]}},"_links":{"self":[{"href":"https:\/\/www.fortearena.com\/it\/wp-json\/wp\/v2\/product\/3895"}],"collection":[{"href":"https:\/\/www.fortearena.com\/it\/wp-json\/wp\/v2\/product"}],"about":[{"href":"https:\/\/www.fortearena.com\/it\/wp-json\/wp\/v2\/types\/product"}],"replies":[{"embeddable":true,"href":"https:\/\/www.fortearena.com\/it\/wp-json\/wp\/v2\/comments?post=3895"}],"wp:featuredmedia":[{"embeddable":true,"href":"https:\/\/www.fortearena.com\/it\/wp-json\/wp\/v2\/media\/3909"}],"wp:attachment":[{"href":"https:\/\/www.fortearena.com\/it\/wp-json\/wp\/v2\/media?parent=3895"}],"wp:term":[{"taxonomy":"product_cat","embeddable":true,"href":"https:\/\/www.fortearena.com\/it\/wp-json\/wp\/v2\/product_cat?post=3895"},{"taxonomy":"product_tag","embeddable":true,"href":"https:\/\/www.fortearena.com\/it\/wp-json\/wp\/v2\/product_tag?post=3895"}],"curies":[{"name":"wp","href":"https:\/\/api.w.org\/{rel}","templated":true}]}}