{"id":5695,"date":"2024-10-16T10:01:37","date_gmt":"2024-10-16T10:01:37","guid":{"rendered":"https:\/\/www.fortearena.com\/?post_type=product&#038;p=5695"},"modified":"2026-03-19T10:55:06","modified_gmt":"2026-03-19T10:55:06","slug":"roberto-bolle-forte-arena","status":"publish","type":"product","link":"https:\/\/www.fortearena.com\/it\/calendario-spettacoli\/roberto-bolle-forte-arena\/","title":{"rendered":"Roberto Bolle"},"content":{"rendered":"<div id='full_slider_1'  class='avia-fullwidth-slider main_color avia-shadow   avia-builder-el-0  el_before_av_layout_row  avia-builder-el-first   container_wrap sidebar_right' style=' '  ><div   data-size='featured'  data-lightbox_size='large'  data-animation='fade'  data-conditional_play=''  data-ids='5942'  data-video_counter='0'  data-autoplay='true'  data-bg_slider='false'  data-slide_height=''  data-handle='av_slideshow_full'  data-interval='5'  data-class=' image_no_stretch'  data-el_id=''  data-css_id=''  data-scroll_down=''  data-control_layout='av-control-minimal'  data-custom_markup=''  data-perma_caption=''  data-autoplay_stopper=''  data-image_attachment=''  data-min_height='0px'  data-src=''  data-position='top left'  data-repeat='no-repeat'  data-attach='scroll'  data-stretch='image_no_stretch'  data-default-height='28.666666666667'  class='avia-slideshow avia-slideshow-1  av-control-minimal av-default-height-applied avia-slideshow-featured av_slideshow_full  image_no_stretch avia-fade-slider '  itemprop=\"image\" itemscope=\"itemscope\" itemtype=\"https:\/\/schema.org\/ImageObject\" ><ul class='avia-slideshow-inner ' style='padding-bottom: 28.666666666667%;' ><li  class=' av-single-slide slide-1 ' ><div data-rel='slideshow-1' class='avia-slide-wrap '   ><img src='https:\/\/www.fortearena.com\/wp-content\/uploads\/2024\/10\/1920x1080-1500x430.jpg' width='1500' height='430' title='1920x1080' alt=''  itemprop=\"thumbnailUrl\"   \/><\/div><\/li><\/ul><\/div><\/div>\n<div id='av-layout-grid-1'  class='av-layout-grid-container entry-content-wrapper main_color av-flex-cells     avia-builder-el-1  el_after_av_slideshow_full  el_before_av_layout_row  submenu-not-first container_wrap sidebar_right' style=' '  >\n<div class=\"flex_cell no_margin av_one_half  avia-builder-el-2  el_before_av_cell_one_half  avia-builder-el-first   \"  style='vertical-align:top; padding:30px; ' ><div class='flex_cell_inner' ><p><div class=\"flex_column av_one_half  flex_column_div av-zero-column-padding first  avia-builder-el-3  el_before_av_one_half  avia-builder-el-first  \" style='border-radius:0px; '><div  class='avia-icon-list-container   avia-builder-el-4  avia-builder-el-no-sibling '><ul class='avia-icon-list avia-icon-list-left av-iconlist-big avia_animate_when_almost_visible avia-iconlist-animate'>\n<li><div  class='iconlist_icon  avia-font-entypo-fontello'><span class='iconlist-char ' aria-hidden='true' data-av_icon='\ue862' data-av_iconfont='entypo-fontello'><\/span><\/div><article class=\"article-icon-entry \"  itemscope=\"itemscope\" itemtype=\"https:\/\/schema.org\/CreativeWork\" ><div class='iconlist_content_wrap'><header class=\"entry-content-header\"><h4 class='av_iconlist_title iconlist_title   '  itemprop=\"headline\"  >Data<\/h4><\/header><div class='iconlist_content  '  itemprop=\"text\"  ><p>Domenica 26 Luglio 2026<\/p>\n<p>ore 21:00<\/p>\n<\/div><\/div><footer class=\"entry-footer\"><\/footer><\/article><div class='iconlist-timeline'><\/div><\/li>\n<li><div  class='iconlist_icon  avia-font-entypo-fontello'><span class='iconlist-char ' aria-hidden='true' data-av_icon='\ue844' data-av_iconfont='entypo-fontello'><\/span><\/div><article class=\"article-icon-entry \"  itemscope=\"itemscope\" itemtype=\"https:\/\/schema.org\/CreativeWork\" ><div class='iconlist_content_wrap'><header class=\"entry-content-header\"><h4 class='av_iconlist_title iconlist_title   '  itemprop=\"headline\"  >Location<\/h4><\/header><div class='iconlist_content  '  itemprop=\"text\"  ><p>Forte Arena,<\/p>\n<p>Strada Statale 195, Km 39,<\/p>\n<p>09050 Pula, Italy<\/p>\n<\/div><\/div><footer class=\"entry-footer\"><\/footer><\/article><div class='iconlist-timeline'><\/div><\/li>\n<\/ul><\/div><\/div><div class=\"flex_column av_one_half  flex_column_div av-zero-column-padding   avia-builder-el-5  el_after_av_one_half  avia-builder-el-last  \" style='border-radius:0px; '><div  class='avia-icon-list-container   avia-builder-el-6  avia-builder-el-no-sibling '><ul class='avia-icon-list avia-icon-list-left av-iconlist-big avia_animate_when_almost_visible avia-iconlist-animate'>\n<li><div  class='iconlist_icon  avia-font-entypo-fontello'><span class='iconlist-char ' aria-hidden='true' data-av_icon='\ue8cb' data-av_iconfont='entypo-fontello'><\/span><\/div><article class=\"article-icon-entry \"  itemscope=\"itemscope\" itemtype=\"https:\/\/schema.org\/CreativeWork\" ><div class='iconlist_content_wrap'><header class=\"entry-content-header\"><h4 class='av_iconlist_title iconlist_title   '  itemprop=\"headline\"  >Biglietti disponibili<\/h4><\/header><div class='iconlist_content  '  itemprop=\"text\"  ><p>Apertura vendite il giorno 20 Marzo 2026, ore 10.00<\/p>\n<\/div><\/div><footer class=\"entry-footer\"><\/footer><\/article><div class='iconlist-timeline'><\/div><\/li>\n<li><a href='manually' title='VIP EXPERIENCE PACKAGE' target=\"_blank\" class='iconlist_icon  avia-font-entypo-fontello' rel=\"noopener\"><span class='iconlist-char ' aria-hidden='true' data-av_icon='\ue808' data-av_iconfont='entypo-fontello'><\/span><\/a><article class=\"article-icon-entry av-iconlist-empty\"  itemscope=\"itemscope\" itemtype=\"https:\/\/schema.org\/CreativeWork\" ><div class='iconlist_content_wrap'><header class=\"entry-content-header\"><h4 class='av_iconlist_title iconlist_title   '  itemprop=\"headline\"  ><a href='manually' title='VIP EXPERIENCE PACKAGE' target=\"_blank\" rel=\"noopener\">VIP EXPERIENCE PACKAGE<\/a><\/h4><\/header><div class='iconlist_content  '  itemprop=\"text\"  ><\/div><\/div><footer class=\"entry-footer\"><\/footer><\/article><div class='iconlist-timeline'><\/div><\/li>\n<\/ul><\/div><\/div><\/p>\n<\/div><\/div><div class=\"flex_cell no_margin av_one_half  avia-builder-el-7  el_after_av_cell_one_half  avia-builder-el-last   \"  style='vertical-align:top; padding:30px; ' ><div class='flex_cell_inner' ><section class=\"av_textblock_section \"  itemscope=\"itemscope\" itemtype=\"https:\/\/schema.org\/CreativeWork\" ><div class='avia_textblock  '   itemprop=\"text\" ><div class=\"flex max-w-full flex-col flex-grow\">\n<div class=\"min-h-8 text-message flex w-full flex-col items-end gap-2 whitespace-normal break-words &#091;.text-message+&amp;&#093;:mt-5\" dir=\"auto\" data-message-author-role=\"assistant\" data-message-id=\"747622b0-f57d-4232-827f-14883b8435cf\" data-message-model-slug=\"gpt-4o\">\n<div class=\"flex w-full flex-col gap-1 empty:hidden first:pt-&#091;3px&#093;\">\n<div class=\"markdown prose w-full break-words dark:prose-invert light\">\n<p>ROBERTO BOLLE AND FRIENDS<br \/>\nLa grande danza internazionale inaugura la stagione della Forte Arena Domenica 26 luglio 2026 \u2013 ore 21:00 \u2013 Santa Margherita di Pula<\/p>\n<p>Il Teatro sotto le stelle del Forte Village a Santa Margherita di Pula ospiter\u00e0 sul proprio palco uno degli appuntamenti pi\u00f9 attesi della danza internazionale: il Gala Roberto Bolle and Friends, prodotto da ARTEDANZAsrl, in programma domenica 26 Luglio alle ore 21:00.<\/p>\n<p>Protagonista della serata sar\u00e0 Roberto Bolle, \u00e9toile tra le pi\u00f9 celebri al mondo e ambasciatore della danza italiana sui palcoscenici internazionali. Capace di conquistare pubblici di ogni et\u00e0 e provenienza, l\u2019artista porter\u00e0 alla Forte Arena il suo celebre Gala Roberto Bolle and Friends, di cui \u00e8 non solo interprete ma anche direttore artistico. Accanto a lui alcune delle pi\u00f9 importanti stelle internazionali della danza provenienti dalle principali compagnie del mondo, per dare vita a un programma ricco e sorprendente che spazia tra classico e contemporaneo.<\/p>\n<p>Si tratta del secondo incontro tra l\u2019artista e il pubblico sardo alla Forte Arena: gi\u00e0 nel 2017 il Gala Roberto Bolle and Friends aveva estasiato gli spettatori, registrando una partecipazione straordinaria. Un evento imperdibile per tutti gli amanti della danza e per chi desidera vivere la magia di uno spettacolo di altissimo livello artistico, immersi in una suggestiva atmosfera che celebra la bellezza, l\u2019eleganza e la forza espressiva, sotto il cielo incantato della Sardegna.<\/p>\n<p>I biglietti per lo spettacolo saranno disponibili a partire da venerd\u00ec 20 marzo alle ore 10:00 sui circuiti Box Office Sardegna e TicketOne.<\/p>\n<\/div>\n<\/div>\n<\/div>\n<\/div>\n<\/div><\/section><br \/>\n<div class=\"flex_column av_one_full  flex_column_div av-zero-column-padding first  avia-builder-el-9  el_after_av_textblock  avia-builder-el-last  column-top-margin\" style='border-radius:0px; '><p><div  class='avia-button-wrap avia-button-center  avia-builder-el-10  el_before_av_button  avia-builder-el-first ' ><a href='https:\/\/www.boxol.it\/BoxofficeSardegna\/it\/event\/roberto-bolle-and-friends-teatoro-sotto-le-stelle-forte-arena\/610696' class='avia-button   avia-icon_select-yes-left-icon avia-color-green avia-size-x-large avia-position-center ' target=\"_blank\" rel=\"noopener\"><span class='avia_button_icon avia_button_icon_left ' aria-hidden='true' data-av_icon='\ue800' data-av_iconfont='entypo-fontello'><\/span><span class='avia_iconbox_title' >Acquista i biglietti su Boxofficesardegna.it!<\/span><\/a><\/div><br \/>\n<div  class='avia-button-wrap avia-button-center  avia-builder-el-11  el_after_av_button  avia-builder-el-last ' ><a href='' class='avia-button   avia-icon_select-yes-left-icon avia-color-blue avia-size-x-large avia-position-center ' target=\"_blank\" rel=\"noopener\"><span class='avia_button_icon avia_button_icon_left ' aria-hidden='true' data-av_icon='\ue800' data-av_iconfont='entypo-fontello'><\/span><span class='avia_iconbox_title' >Acquista i biglietti su Ticketone.it!<\/span><\/a><\/div><\/p><\/div><\/p>\n<\/div><\/div>\n<\/div>\n<div id='av-layout-grid-2'  class='av-layout-grid-container entry-content-wrapper main_color av-flex-cells     avia-builder-el-12  el_after_av_layout_row  avia-builder-el-last  submenu-not-first container_wrap sidebar_right' style=' '  >\n<div class=\"flex_cell no_margin av_one_full  avia-builder-el-13  avia-builder-el-no-sibling   \" ><div class='flex_cell_inner' >\n<\/div><\/div>\n<\/div>\n","protected":false},"excerpt":{"rendered":"<p>26 Luglio 2026<\/p>\n<p>21:00<\/p>\n","protected":false},"featured_media":5947,"comment_status":"closed","ping_status":"closed","template":"","meta":[],"product_cat":[157],"product_tag":[],"class_list":{"0":"post-5695","1":"product","2":"type-product","3":"status-publish","4":"has-post-thumbnail","6":"product_cat-new-event-it","8":"first","9":"instock","10":"shipping-taxable","11":"product-type-simple"},"yoast_head":"<!-- This site is optimized with the Yoast SEO plugin v23.0 - https:\/\/yoast.com\/wordpress\/plugins\/seo\/ -->\n<title>Roberto Bolle - Forte Arena<\/title>\n<meta name=\"description\" content=\"Arrivo attesissimo di Gianna Nannini alla Forte Arena, che si esibir\u00e0 in un concerto speciale nel teatro sotto le stelle di Santa Margherita di Pula!\" \/>\n<meta name=\"robots\" content=\"index, follow, max-snippet:-1, max-image-preview:large, max-video-preview:-1\" \/>\n<link rel=\"canonical\" href=\"https:\/\/www.fortearena.com\/it\/calendario-spettacoli\/roberto-bolle-forte-arena\/\" \/>\n<meta property=\"og:locale\" content=\"it_IT\" \/>\n<meta property=\"og:type\" content=\"article\" \/>\n<meta property=\"og:title\" content=\"Roberto Bolle - Forte Arena\" \/>\n<meta property=\"og:description\" content=\"Arrivo attesissimo di Gianna Nannini alla Forte Arena, che si esibir\u00e0 in un concerto speciale nel teatro sotto le stelle di Santa Margherita di Pula!\" \/>\n<meta property=\"og:url\" content=\"https:\/\/www.fortearena.com\/it\/calendario-spettacoli\/roberto-bolle-forte-arena\/\" \/>\n<meta property=\"og:site_name\" content=\"Forte Arena\" \/>\n<meta property=\"article:modified_time\" content=\"2026-03-19T10:55:06+00:00\" \/>\n<meta property=\"og:image\" content=\"http:\/\/www.fortearena.com\/wp-content\/uploads\/2024\/10\/1080x1080.jpg\" \/>\n\t<meta property=\"og:image:width\" content=\"1080\" \/>\n\t<meta property=\"og:image:height\" content=\"1080\" \/>\n\t<meta property=\"og:image:type\" content=\"image\/jpeg\" \/>\n<meta name=\"twitter:card\" content=\"summary_large_image\" \/>\n<meta name=\"twitter:label1\" content=\"Est. reading time\" \/>\n\t<meta name=\"twitter:data1\" content=\"3 minutes\" \/>\n<script type=\"application\/ld+json\" class=\"yoast-schema-graph\">{\"@context\":\"https:\/\/schema.org\",\"@graph\":[{\"@type\":\"WebPage\",\"@id\":\"https:\/\/www.fortearena.com\/it\/calendario-spettacoli\/roberto-bolle-forte-arena\/\",\"url\":\"https:\/\/www.fortearena.com\/it\/calendario-spettacoli\/roberto-bolle-forte-arena\/\",\"name\":\"Roberto Bolle - Forte Arena\",\"isPartOf\":{\"@id\":\"https:\/\/www.fortearena.com\/it\/#website\"},\"primaryImageOfPage\":{\"@id\":\"https:\/\/www.fortearena.com\/it\/calendario-spettacoli\/roberto-bolle-forte-arena\/#primaryimage\"},\"image\":{\"@id\":\"https:\/\/www.fortearena.com\/it\/calendario-spettacoli\/roberto-bolle-forte-arena\/#primaryimage\"},\"thumbnailUrl\":\"https:\/\/www.fortearena.com\/wp-content\/uploads\/2024\/10\/1080x1080.jpg\",\"datePublished\":\"2024-10-16T10:01:37+00:00\",\"dateModified\":\"2026-03-19T10:55:06+00:00\",\"description\":\"Arrivo attesissimo di Gianna Nannini alla Forte Arena, che si esibir\u00e0 in un concerto speciale nel teatro sotto le stelle di Santa Margherita di Pula!\",\"breadcrumb\":{\"@id\":\"https:\/\/www.fortearena.com\/it\/calendario-spettacoli\/roberto-bolle-forte-arena\/#breadcrumb\"},\"inLanguage\":\"it-IT\",\"potentialAction\":[{\"@type\":\"ReadAction\",\"target\":[\"https:\/\/www.fortearena.com\/it\/calendario-spettacoli\/roberto-bolle-forte-arena\/\"]}]},{\"@type\":\"ImageObject\",\"inLanguage\":\"it-IT\",\"@id\":\"https:\/\/www.fortearena.com\/it\/calendario-spettacoli\/roberto-bolle-forte-arena\/#primaryimage\",\"url\":\"https:\/\/www.fortearena.com\/wp-content\/uploads\/2024\/10\/1080x1080.jpg\",\"contentUrl\":\"https:\/\/www.fortearena.com\/wp-content\/uploads\/2024\/10\/1080x1080.jpg\",\"width\":1080,\"height\":1080},{\"@type\":\"BreadcrumbList\",\"@id\":\"https:\/\/www.fortearena.com\/it\/calendario-spettacoli\/roberto-bolle-forte-arena\/#breadcrumb\",\"itemListElement\":[{\"@type\":\"ListItem\",\"position\":1,\"name\":\"Home\",\"item\":\"https:\/\/www.fortearena.com\/it\/benvenuti\/\"},{\"@type\":\"ListItem\",\"position\":2,\"name\":\"Shop\",\"item\":\"https:\/\/www.fortearena.com\/?page_id=40\"},{\"@type\":\"ListItem\",\"position\":3,\"name\":\"Roberto Bolle\"}]},{\"@type\":\"WebSite\",\"@id\":\"https:\/\/www.fortearena.com\/it\/#website\",\"url\":\"https:\/\/www.fortearena.com\/it\/\",\"name\":\"Forte Arena\",\"description\":\"Where culture meets entertainment\",\"potentialAction\":[{\"@type\":\"SearchAction\",\"target\":{\"@type\":\"EntryPoint\",\"urlTemplate\":\"https:\/\/www.fortearena.com\/it\/?s={search_term_string}\"},\"query-input\":\"required name=search_term_string\"}],\"inLanguage\":\"it-IT\"}]}<\/script>\n<!-- \/ Yoast SEO plugin. -->","yoast_head_json":{"title":"Roberto Bolle - Forte Arena","description":"Arrivo attesissimo di Gianna Nannini alla Forte Arena, che si esibir\u00e0 in un concerto speciale nel teatro sotto le stelle di Santa Margherita di Pula!","robots":{"index":"index","follow":"follow","max-snippet":"max-snippet:-1","max-image-preview":"max-image-preview:large","max-video-preview":"max-video-preview:-1"},"canonical":"https:\/\/www.fortearena.com\/it\/calendario-spettacoli\/roberto-bolle-forte-arena\/","og_locale":"it_IT","og_type":"article","og_title":"Roberto Bolle - Forte Arena","og_description":"Arrivo attesissimo di Gianna Nannini alla Forte Arena, che si esibir\u00e0 in un concerto speciale nel teatro sotto le stelle di Santa Margherita di Pula!","og_url":"https:\/\/www.fortearena.com\/it\/calendario-spettacoli\/roberto-bolle-forte-arena\/","og_site_name":"Forte Arena","article_modified_time":"2026-03-19T10:55:06+00:00","og_image":[{"width":1080,"height":1080,"url":"http:\/\/www.fortearena.com\/wp-content\/uploads\/2024\/10\/1080x1080.jpg","type":"image\/jpeg"}],"twitter_card":"summary_large_image","twitter_misc":{"Est. reading time":"3 minutes"},"schema":{"@context":"https:\/\/schema.org","@graph":[{"@type":"WebPage","@id":"https:\/\/www.fortearena.com\/it\/calendario-spettacoli\/roberto-bolle-forte-arena\/","url":"https:\/\/www.fortearena.com\/it\/calendario-spettacoli\/roberto-bolle-forte-arena\/","name":"Roberto Bolle - Forte Arena","isPartOf":{"@id":"https:\/\/www.fortearena.com\/it\/#website"},"primaryImageOfPage":{"@id":"https:\/\/www.fortearena.com\/it\/calendario-spettacoli\/roberto-bolle-forte-arena\/#primaryimage"},"image":{"@id":"https:\/\/www.fortearena.com\/it\/calendario-spettacoli\/roberto-bolle-forte-arena\/#primaryimage"},"thumbnailUrl":"https:\/\/www.fortearena.com\/wp-content\/uploads\/2024\/10\/1080x1080.jpg","datePublished":"2024-10-16T10:01:37+00:00","dateModified":"2026-03-19T10:55:06+00:00","description":"Arrivo attesissimo di Gianna Nannini alla Forte Arena, che si esibir\u00e0 in un concerto speciale nel teatro sotto le stelle di Santa Margherita di Pula!","breadcrumb":{"@id":"https:\/\/www.fortearena.com\/it\/calendario-spettacoli\/roberto-bolle-forte-arena\/#breadcrumb"},"inLanguage":"it-IT","potentialAction":[{"@type":"ReadAction","target":["https:\/\/www.fortearena.com\/it\/calendario-spettacoli\/roberto-bolle-forte-arena\/"]}]},{"@type":"ImageObject","inLanguage":"it-IT","@id":"https:\/\/www.fortearena.com\/it\/calendario-spettacoli\/roberto-bolle-forte-arena\/#primaryimage","url":"https:\/\/www.fortearena.com\/wp-content\/uploads\/2024\/10\/1080x1080.jpg","contentUrl":"https:\/\/www.fortearena.com\/wp-content\/uploads\/2024\/10\/1080x1080.jpg","width":1080,"height":1080},{"@type":"BreadcrumbList","@id":"https:\/\/www.fortearena.com\/it\/calendario-spettacoli\/roberto-bolle-forte-arena\/#breadcrumb","itemListElement":[{"@type":"ListItem","position":1,"name":"Home","item":"https:\/\/www.fortearena.com\/it\/benvenuti\/"},{"@type":"ListItem","position":2,"name":"Shop","item":"https:\/\/www.fortearena.com\/?page_id=40"},{"@type":"ListItem","position":3,"name":"Roberto Bolle"}]},{"@type":"WebSite","@id":"https:\/\/www.fortearena.com\/it\/#website","url":"https:\/\/www.fortearena.com\/it\/","name":"Forte Arena","description":"Where culture meets entertainment","potentialAction":[{"@type":"SearchAction","target":{"@type":"EntryPoint","urlTemplate":"https:\/\/www.fortearena.com\/it\/?s={search_term_string}"},"query-input":"required name=search_term_string"}],"inLanguage":"it-IT"}]}},"_links":{"self":[{"href":"https:\/\/www.fortearena.com\/it\/wp-json\/wp\/v2\/product\/5695"}],"collection":[{"href":"https:\/\/www.fortearena.com\/it\/wp-json\/wp\/v2\/product"}],"about":[{"href":"https:\/\/www.fortearena.com\/it\/wp-json\/wp\/v2\/types\/product"}],"replies":[{"embeddable":true,"href":"https:\/\/www.fortearena.com\/it\/wp-json\/wp\/v2\/comments?post=5695"}],"wp:featuredmedia":[{"embeddable":true,"href":"https:\/\/www.fortearena.com\/it\/wp-json\/wp\/v2\/media\/5947"}],"wp:attachment":[{"href":"https:\/\/www.fortearena.com\/it\/wp-json\/wp\/v2\/media?parent=5695"}],"wp:term":[{"taxonomy":"product_cat","embeddable":true,"href":"https:\/\/www.fortearena.com\/it\/wp-json\/wp\/v2\/product_cat?post=5695"},{"taxonomy":"product_tag","embeddable":true,"href":"https:\/\/www.fortearena.com\/it\/wp-json\/wp\/v2\/product_tag?post=5695"}],"curies":[{"name":"wp","href":"https:\/\/api.w.org\/{rel}","templated":true}]}}