{"id":5774,"date":"2025-05-09T08:51:12","date_gmt":"2025-05-09T08:51:12","guid":{"rendered":"https:\/\/www.fortearena.com\/?post_type=product&#038;p=5774"},"modified":"2026-02-27T10:33:40","modified_gmt":"2026-02-27T10:33:40","slug":"fiorella-mannoia","status":"publish","type":"product","link":"https:\/\/www.fortearena.com\/it\/calendario-spettacoli\/fiorella-mannoia\/","title":{"rendered":"Fiorella Mannoia"},"content":{"rendered":"<div id='full_slider_1'  class='avia-fullwidth-slider main_color avia-shadow   avia-builder-el-0  el_before_av_layout_row  avia-builder-el-first   container_wrap sidebar_right' style=' '  ><div   data-size='no scaling'  data-lightbox_size='large'  data-animation='fade'  data-conditional_play=''  data-ids='5926'  data-video_counter='0'  data-autoplay='true'  data-bg_slider='false'  data-slide_height=''  data-handle='av_slideshow_full'  data-interval='5'  data-class=' image_no_stretch'  data-el_id=''  data-css_id=''  data-scroll_down=''  data-control_layout='av-control-minimal'  data-custom_markup=''  data-perma_caption=''  data-autoplay_stopper=''  data-image_attachment=''  data-min_height='0px'  data-src=''  data-position='top left'  data-repeat='no-repeat'  data-attach='scroll'  data-stretch='image_no_stretch'  class='avia-slideshow avia-slideshow-1  av-control-minimal av-default-height-applied avia-slideshow-no scaling av_slideshow_full  image_no_stretch avia-fade-slider '  itemprop=\"image\" itemscope=\"itemscope\" itemtype=\"https:\/\/schema.org\/ImageObject\" ><ul class='avia-slideshow-inner ' style='padding-bottom: 49.545454545455%;' ><li  class=' av-single-slide slide-1 ' ><div data-rel='slideshow-1' class='avia-slide-wrap '   ><img src='https:\/\/www.fortearena.com\/wp-content\/uploads\/2025\/05\/1100x545.jpg' width='1100' height='545' title='1100x545' alt=''  itemprop=\"thumbnailUrl\"   \/><\/div><\/li><\/ul><\/div><\/div>\n<div id='av-layout-grid-1'  class='av-layout-grid-container entry-content-wrapper main_color av-flex-cells     avia-builder-el-1  el_after_av_slideshow_full  el_before_av_layout_row  submenu-not-first container_wrap sidebar_right' style=' '  >\n<div class=\"flex_cell no_margin av_one_half  avia-builder-el-2  el_before_av_cell_one_half  avia-builder-el-first   \"  style='vertical-align:top; padding:30px; ' ><div class='flex_cell_inner' ><p><div class=\"flex_column av_one_half  flex_column_div av-zero-column-padding first  avia-builder-el-3  el_before_av_one_half  avia-builder-el-first  \" style='border-radius:0px; '><div  class='avia-icon-list-container   avia-builder-el-4  avia-builder-el-no-sibling '><ul class='avia-icon-list avia-icon-list-left av-iconlist-big avia_animate_when_almost_visible avia-iconlist-animate'>\n<li><div  class='iconlist_icon  avia-font-entypo-fontello'><span class='iconlist-char ' aria-hidden='true' data-av_icon='\ue862' data-av_iconfont='entypo-fontello'><\/span><\/div><article class=\"article-icon-entry \"  itemscope=\"itemscope\" itemtype=\"https:\/\/schema.org\/CreativeWork\" ><div class='iconlist_content_wrap'><header class=\"entry-content-header\"><h4 class='av_iconlist_title iconlist_title   '  itemprop=\"headline\"  >Data<\/h4><\/header><div class='iconlist_content  '  itemprop=\"text\"  ><p>Sabato 1 Agosto 2026<\/p>\n<p>ore 21:00<\/p>\n<\/div><\/div><footer class=\"entry-footer\"><\/footer><\/article><div class='iconlist-timeline'><\/div><\/li>\n<li><div  class='iconlist_icon  avia-font-entypo-fontello'><span class='iconlist-char ' aria-hidden='true' data-av_icon='\ue844' data-av_iconfont='entypo-fontello'><\/span><\/div><article class=\"article-icon-entry \"  itemscope=\"itemscope\" itemtype=\"https:\/\/schema.org\/CreativeWork\" ><div class='iconlist_content_wrap'><header class=\"entry-content-header\"><h4 class='av_iconlist_title iconlist_title   '  itemprop=\"headline\"  >Location<\/h4><\/header><div class='iconlist_content  '  itemprop=\"text\"  ><p>Forte Arena,<\/p>\n<p>Strada Statale 195, Km 39,<\/p>\n<p>09050 Pula, Italy<\/p>\n<\/div><\/div><footer class=\"entry-footer\"><\/footer><\/article><div class='iconlist-timeline'><\/div><\/li>\n<\/ul><\/div><\/div><div class=\"flex_column av_one_half  flex_column_div av-zero-column-padding   avia-builder-el-5  el_after_av_one_half  avia-builder-el-last  \" style='border-radius:0px; '><div  class='avia-icon-list-container   avia-builder-el-6  avia-builder-el-no-sibling '><ul class='avia-icon-list avia-icon-list-left av-iconlist-big avia_animate_when_almost_visible avia-iconlist-animate'>\n<li><div  class='iconlist_icon  avia-font-entypo-fontello'><span class='iconlist-char ' aria-hidden='true' data-av_icon='\ue8cb' data-av_iconfont='entypo-fontello'><\/span><\/div><article class=\"article-icon-entry \"  itemscope=\"itemscope\" itemtype=\"https:\/\/schema.org\/CreativeWork\" ><div class='iconlist_content_wrap'><header class=\"entry-content-header\"><h4 class='av_iconlist_title iconlist_title   '  itemprop=\"headline\"  >Biglietti disponibili<\/h4><\/header><div class='iconlist_content  '  itemprop=\"text\"  ><p>Apertura vendite il giorno 27 Febbraio 2026, ore 11.00<\/p>\n<\/div><\/div><footer class=\"entry-footer\"><\/footer><\/article><div class='iconlist-timeline'><\/div><\/li>\n<li><a href='manually' title='VIP EXPERIENCE PACKAGE' target=\"_blank\" class='iconlist_icon  avia-font-entypo-fontello' rel=\"noopener\"><span class='iconlist-char ' aria-hidden='true' data-av_icon='\ue808' data-av_iconfont='entypo-fontello'><\/span><\/a><article class=\"article-icon-entry av-iconlist-empty\"  itemscope=\"itemscope\" itemtype=\"https:\/\/schema.org\/CreativeWork\" ><div class='iconlist_content_wrap'><header class=\"entry-content-header\"><h4 class='av_iconlist_title iconlist_title   '  itemprop=\"headline\"  ><a href='manually' title='VIP EXPERIENCE PACKAGE' target=\"_blank\" rel=\"noopener\">VIP EXPERIENCE PACKAGE<\/a><\/h4><\/header><div class='iconlist_content  '  itemprop=\"text\"  ><\/div><\/div><footer class=\"entry-footer\"><\/footer><\/article><div class='iconlist-timeline'><\/div><\/li>\n<\/ul><\/div><\/div><\/p>\n<\/div><\/div><div class=\"flex_cell no_margin av_one_half  avia-builder-el-7  el_after_av_cell_one_half  avia-builder-el-last   \"  style='vertical-align:top; padding:30px; ' ><div class='flex_cell_inner' ><section class=\"av_textblock_section \"  itemscope=\"itemscope\" itemtype=\"https:\/\/schema.org\/CreativeWork\" ><div class='avia_textblock  '   itemprop=\"text\" ><div class=\"flex max-w-full flex-col flex-grow\">\n<div class=\"min-h-8 text-message flex w-full flex-col items-end gap-2 whitespace-normal break-words &#091;.text-message+&amp;&#093;:mt-5\" dir=\"auto\" data-message-author-role=\"assistant\" data-message-id=\"747622b0-f57d-4232-827f-14883b8435cf\" data-message-model-slug=\"gpt-4o\">\n<div class=\"flex w-full flex-col gap-1 empty:hidden first:pt-&#091;3px&#093;\">\n<div class=\"markdown prose w-full break-words dark:prose-invert light\">\n<p>FIORELLA MANNOIA in FIORELLA CANTA FABRIZIO E IVANO<\/p>\n<p>ANIME SALVE Sabato 1 Agosto, Ore 21:00 \u2013 Santa Margherita di Pula<\/p>\n<p>Si avvia il palinsesto dell\u2019estate 2026 della Forte Arena: sabato 1 Agosto, il palcoscenico del teatro sotto le stelle del Forte Village a Santa Margherita di Pula ospiter\u00e0 il nuovo emozionante viaggio musicale di Fiorella Mannoia, attraverso i repertori e i brani pi\u00f9 amati di Ivano Fossati e Fabrizio De Andr\u00e9.<\/p>\n<p>La tourn\u00e9e \u201cFiorella canta Fabrizio e Ivano: Anime Salve\u201d prende vita nel trentennale dell\u2019omonimo album di De Andr\u00e9, pietra miliare della musica italiana e suo ultimo lascito creativo, realizzato insieme a Fossati e pubblicato nel 1996. Dal ricordo dei brani indimenticabili di quell\u2019album \u2013 insignito della Targa Tenco \u2013 ai successi pi\u00f9 amati e gi\u00e0 intrecciati al repertorio e al cuore di Fiorella, fino a nuove interpretazioni dei capolavori dei due maestri, lo spettacolo \u00e8 un omaggio sentito e profondo a un\u2019eredit\u00e0 artistica e culturale, che continua a risuonare nel cuore di intere generazioni. I biglietti per lo spettacolo saranno disponibili a partire da domani, 27 Febbraio, alle ore 11:00 sui canali ufficiali di Box Office Sardegna e Ticketone. FORTE ARENA Forte Arena \u00e8 il suggestivo teatro sotto le stelle di Santa Margherita di Pula (CA), incastonato in un anfiteatro naturale tra la macchia mediterranea e il mare cristallino del Sud Sardegna, a meno di 40 minuti da Cagliari. Inaugurata nel 2016 dal Forte Village Resort, pu\u00f2 accogliere fino a 5.000 spettatori in uno spazio unico nel suo genere, dove palco e aree tecniche sono stati realizzati secondo i pi\u00f9 avanzati principi della bioedilizia, nel pieno rispetto del paesaggio circostante. Aperta al pubblico esterno, la Forte Arena nasce con l\u2019obiettivo di contribuire all\u2019arricchimento dell\u2019offerta culturale e di intrattenimento della Sardegna. Sin dal suo debutto, infatti, si \u00e8 affermata come uno dei palcoscenici pi\u00f9 prestigiosi nell\u2019Isola ospitando grandi nomi della scena artistica nazionale e internazionale come Sting, Andrea Bocelli, Mika, Tiziano Ferro, Anastacia, Roberto Bolle, Renato Zero, i Duran Duran e molti altri.<\/p>\n<p>Un successo confermato anche nel 2025, consolidandosi come un polo culturale in costante crescita, capace di attrarre migliaia di spettatori grazie a un\u2019offerta artistica trasversale, eclettica e di altissima qualit\u00e0, pensata per un pubblico ampio e diversificato.<\/p>\n<\/div>\n<\/div>\n<\/div>\n<\/div>\n<\/div><\/section><br \/>\n<div class=\"flex_column av_one_full  flex_column_div av-zero-column-padding first  avia-builder-el-9  el_after_av_textblock  avia-builder-el-last  column-top-margin\" style='border-radius:0px; '><p><div  class='avia-button-wrap avia-button-center  avia-builder-el-10  el_before_av_button  avia-builder-el-first ' ><a href='https:\/\/www.boxofficesardegna.it\/C1\/5146\/Content.aspx\/Eventi\/FIORELLA_CANTA_FABRIZIO_E_IVANO_-_ANIME_SALVE_01_08_2026' class='avia-button   avia-icon_select-yes-left-icon avia-color-green avia-size-x-large avia-position-center ' target=\"_blank\" rel=\"noopener\"><span class='avia_button_icon avia_button_icon_left ' aria-hidden='true' data-av_icon='\ue800' data-av_iconfont='entypo-fontello'><\/span><span class='avia_iconbox_title' >Acquista i biglietti su Boxofficesardegna.it!<\/span><\/a><\/div><br \/>\n<div  class='avia-button-wrap avia-button-center  avia-builder-el-11  el_after_av_button  avia-builder-el-last ' ><a href='https:\/\/www.ticketone.it\/artist\/fiorella-mannoia\/fiorella-canta-fabrizio-e-ivano-anime-salve-4041987\/' class='avia-button   avia-icon_select-yes-left-icon avia-color-blue avia-size-x-large avia-position-center ' target=\"_blank\" rel=\"noopener\"><span class='avia_button_icon avia_button_icon_left ' aria-hidden='true' data-av_icon='\ue800' data-av_iconfont='entypo-fontello'><\/span><span class='avia_iconbox_title' >Acquista i biglietti su Ticketone.it!<\/span><\/a><\/div><\/p><\/div><\/p>\n<\/div><\/div><\/div><div id='av-layout-grid-2'  class='av-layout-grid-container entry-content-wrapper main_color av-flex-cells     avia-builder-el-12  el_after_av_layout_row  avia-builder-el-last  submenu-not-first container_wrap sidebar_right' style=' '  >\n<div class=\"flex_cell no_margin av_one_full  avia-builder-el-13  avia-builder-el-no-sibling   \" ><div class='flex_cell_inner' >\n<\/div><\/div>\n<\/div><\/p>\n","protected":false},"excerpt":{"rendered":"<p>01 Agosto 2026<\/p>\n<p>21:00<\/p>\n","protected":false},"featured_media":5916,"comment_status":"closed","ping_status":"closed","template":"","meta":[],"product_cat":[157],"product_tag":[],"class_list":{"0":"post-5774","1":"product","2":"type-product","3":"status-publish","4":"has-post-thumbnail","6":"product_cat-new-event-it","8":"first","9":"instock","10":"shipping-taxable","11":"product-type-simple"},"yoast_head":"<!-- This site is optimized with the Yoast SEO plugin v23.0 - https:\/\/yoast.com\/wordpress\/plugins\/seo\/ -->\n<title>Fiorella Mannoia - Forte Arena<\/title>\n<meta name=\"description\" content=\"Si avvia il palinsesto dell\u2019estate 2026 della Forte Arena: sabato 1 Agosto, il palcoscenico del teatro sotto le stelle del Forte Village a Santa Margherita di Pula\" \/>\n<meta name=\"robots\" content=\"index, follow, max-snippet:-1, max-image-preview:large, max-video-preview:-1\" \/>\n<link rel=\"canonical\" href=\"https:\/\/www.fortearena.com\/it\/calendario-spettacoli\/fiorella-mannoia\/\" \/>\n<meta property=\"og:locale\" content=\"it_IT\" \/>\n<meta property=\"og:type\" content=\"article\" \/>\n<meta property=\"og:title\" content=\"Fiorella Mannoia - Forte Arena\" \/>\n<meta property=\"og:description\" content=\"Si avvia il palinsesto dell\u2019estate 2026 della Forte Arena: sabato 1 Agosto, il palcoscenico del teatro sotto le stelle del Forte Village a Santa Margherita di Pula\" \/>\n<meta property=\"og:url\" content=\"https:\/\/www.fortearena.com\/it\/calendario-spettacoli\/fiorella-mannoia\/\" \/>\n<meta property=\"og:site_name\" content=\"Forte Arena\" \/>\n<meta property=\"article:modified_time\" content=\"2026-02-27T10:33:40+00:00\" \/>\n<meta property=\"og:image\" content=\"http:\/\/www.fortearena.com\/wp-content\/uploads\/2025\/05\/1080x1080-3.jpg\" \/>\n\t<meta property=\"og:image:width\" content=\"1080\" \/>\n\t<meta property=\"og:image:height\" content=\"1080\" \/>\n\t<meta property=\"og:image:type\" content=\"image\/jpeg\" \/>\n<meta name=\"twitter:card\" content=\"summary_large_image\" \/>\n<meta name=\"twitter:label1\" content=\"Est. reading time\" \/>\n\t<meta name=\"twitter:data1\" content=\"4 minutes\" \/>\n<script type=\"application\/ld+json\" class=\"yoast-schema-graph\">{\"@context\":\"https:\/\/schema.org\",\"@graph\":[{\"@type\":\"WebPage\",\"@id\":\"https:\/\/www.fortearena.com\/it\/calendario-spettacoli\/fiorella-mannoia\/\",\"url\":\"https:\/\/www.fortearena.com\/it\/calendario-spettacoli\/fiorella-mannoia\/\",\"name\":\"Fiorella Mannoia - Forte Arena\",\"isPartOf\":{\"@id\":\"https:\/\/www.fortearena.com\/it\/#website\"},\"primaryImageOfPage\":{\"@id\":\"https:\/\/www.fortearena.com\/it\/calendario-spettacoli\/fiorella-mannoia\/#primaryimage\"},\"image\":{\"@id\":\"https:\/\/www.fortearena.com\/it\/calendario-spettacoli\/fiorella-mannoia\/#primaryimage\"},\"thumbnailUrl\":\"https:\/\/www.fortearena.com\/wp-content\/uploads\/2025\/05\/1080x1080-3.jpg\",\"datePublished\":\"2025-05-09T08:51:12+00:00\",\"dateModified\":\"2026-02-27T10:33:40+00:00\",\"description\":\"Si avvia il palinsesto dell\u2019estate 2026 della Forte Arena: sabato 1 Agosto, il palcoscenico del teatro sotto le stelle del Forte Village a Santa Margherita di Pula\",\"breadcrumb\":{\"@id\":\"https:\/\/www.fortearena.com\/it\/calendario-spettacoli\/fiorella-mannoia\/#breadcrumb\"},\"inLanguage\":\"it-IT\",\"potentialAction\":[{\"@type\":\"ReadAction\",\"target\":[\"https:\/\/www.fortearena.com\/it\/calendario-spettacoli\/fiorella-mannoia\/\"]}]},{\"@type\":\"ImageObject\",\"inLanguage\":\"it-IT\",\"@id\":\"https:\/\/www.fortearena.com\/it\/calendario-spettacoli\/fiorella-mannoia\/#primaryimage\",\"url\":\"https:\/\/www.fortearena.com\/wp-content\/uploads\/2025\/05\/1080x1080-3.jpg\",\"contentUrl\":\"https:\/\/www.fortearena.com\/wp-content\/uploads\/2025\/05\/1080x1080-3.jpg\",\"width\":1080,\"height\":1080},{\"@type\":\"BreadcrumbList\",\"@id\":\"https:\/\/www.fortearena.com\/it\/calendario-spettacoli\/fiorella-mannoia\/#breadcrumb\",\"itemListElement\":[{\"@type\":\"ListItem\",\"position\":1,\"name\":\"Home\",\"item\":\"https:\/\/www.fortearena.com\/it\/benvenuti\/\"},{\"@type\":\"ListItem\",\"position\":2,\"name\":\"Shop\",\"item\":\"https:\/\/www.fortearena.com\/?page_id=40\"},{\"@type\":\"ListItem\",\"position\":3,\"name\":\"Fiorella Mannoia\"}]},{\"@type\":\"WebSite\",\"@id\":\"https:\/\/www.fortearena.com\/it\/#website\",\"url\":\"https:\/\/www.fortearena.com\/it\/\",\"name\":\"Forte Arena\",\"description\":\"Where culture meets entertainment\",\"potentialAction\":[{\"@type\":\"SearchAction\",\"target\":{\"@type\":\"EntryPoint\",\"urlTemplate\":\"https:\/\/www.fortearena.com\/it\/?s={search_term_string}\"},\"query-input\":\"required name=search_term_string\"}],\"inLanguage\":\"it-IT\"}]}<\/script>\n<!-- \/ Yoast SEO plugin. -->","yoast_head_json":{"title":"Fiorella Mannoia - Forte Arena","description":"Si avvia il palinsesto dell\u2019estate 2026 della Forte Arena: sabato 1 Agosto, il palcoscenico del teatro sotto le stelle del Forte Village a Santa Margherita di Pula","robots":{"index":"index","follow":"follow","max-snippet":"max-snippet:-1","max-image-preview":"max-image-preview:large","max-video-preview":"max-video-preview:-1"},"canonical":"https:\/\/www.fortearena.com\/it\/calendario-spettacoli\/fiorella-mannoia\/","og_locale":"it_IT","og_type":"article","og_title":"Fiorella Mannoia - Forte Arena","og_description":"Si avvia il palinsesto dell\u2019estate 2026 della Forte Arena: sabato 1 Agosto, il palcoscenico del teatro sotto le stelle del Forte Village a Santa Margherita di Pula","og_url":"https:\/\/www.fortearena.com\/it\/calendario-spettacoli\/fiorella-mannoia\/","og_site_name":"Forte Arena","article_modified_time":"2026-02-27T10:33:40+00:00","og_image":[{"width":1080,"height":1080,"url":"http:\/\/www.fortearena.com\/wp-content\/uploads\/2025\/05\/1080x1080-3.jpg","type":"image\/jpeg"}],"twitter_card":"summary_large_image","twitter_misc":{"Est. reading time":"4 minutes"},"schema":{"@context":"https:\/\/schema.org","@graph":[{"@type":"WebPage","@id":"https:\/\/www.fortearena.com\/it\/calendario-spettacoli\/fiorella-mannoia\/","url":"https:\/\/www.fortearena.com\/it\/calendario-spettacoli\/fiorella-mannoia\/","name":"Fiorella Mannoia - Forte Arena","isPartOf":{"@id":"https:\/\/www.fortearena.com\/it\/#website"},"primaryImageOfPage":{"@id":"https:\/\/www.fortearena.com\/it\/calendario-spettacoli\/fiorella-mannoia\/#primaryimage"},"image":{"@id":"https:\/\/www.fortearena.com\/it\/calendario-spettacoli\/fiorella-mannoia\/#primaryimage"},"thumbnailUrl":"https:\/\/www.fortearena.com\/wp-content\/uploads\/2025\/05\/1080x1080-3.jpg","datePublished":"2025-05-09T08:51:12+00:00","dateModified":"2026-02-27T10:33:40+00:00","description":"Si avvia il palinsesto dell\u2019estate 2026 della Forte Arena: sabato 1 Agosto, il palcoscenico del teatro sotto le stelle del Forte Village a Santa Margherita di Pula","breadcrumb":{"@id":"https:\/\/www.fortearena.com\/it\/calendario-spettacoli\/fiorella-mannoia\/#breadcrumb"},"inLanguage":"it-IT","potentialAction":[{"@type":"ReadAction","target":["https:\/\/www.fortearena.com\/it\/calendario-spettacoli\/fiorella-mannoia\/"]}]},{"@type":"ImageObject","inLanguage":"it-IT","@id":"https:\/\/www.fortearena.com\/it\/calendario-spettacoli\/fiorella-mannoia\/#primaryimage","url":"https:\/\/www.fortearena.com\/wp-content\/uploads\/2025\/05\/1080x1080-3.jpg","contentUrl":"https:\/\/www.fortearena.com\/wp-content\/uploads\/2025\/05\/1080x1080-3.jpg","width":1080,"height":1080},{"@type":"BreadcrumbList","@id":"https:\/\/www.fortearena.com\/it\/calendario-spettacoli\/fiorella-mannoia\/#breadcrumb","itemListElement":[{"@type":"ListItem","position":1,"name":"Home","item":"https:\/\/www.fortearena.com\/it\/benvenuti\/"},{"@type":"ListItem","position":2,"name":"Shop","item":"https:\/\/www.fortearena.com\/?page_id=40"},{"@type":"ListItem","position":3,"name":"Fiorella Mannoia"}]},{"@type":"WebSite","@id":"https:\/\/www.fortearena.com\/it\/#website","url":"https:\/\/www.fortearena.com\/it\/","name":"Forte Arena","description":"Where culture meets entertainment","potentialAction":[{"@type":"SearchAction","target":{"@type":"EntryPoint","urlTemplate":"https:\/\/www.fortearena.com\/it\/?s={search_term_string}"},"query-input":"required name=search_term_string"}],"inLanguage":"it-IT"}]}},"_links":{"self":[{"href":"https:\/\/www.fortearena.com\/it\/wp-json\/wp\/v2\/product\/5774"}],"collection":[{"href":"https:\/\/www.fortearena.com\/it\/wp-json\/wp\/v2\/product"}],"about":[{"href":"https:\/\/www.fortearena.com\/it\/wp-json\/wp\/v2\/types\/product"}],"replies":[{"embeddable":true,"href":"https:\/\/www.fortearena.com\/it\/wp-json\/wp\/v2\/comments?post=5774"}],"wp:featuredmedia":[{"embeddable":true,"href":"https:\/\/www.fortearena.com\/it\/wp-json\/wp\/v2\/media\/5916"}],"wp:attachment":[{"href":"https:\/\/www.fortearena.com\/it\/wp-json\/wp\/v2\/media?parent=5774"}],"wp:term":[{"taxonomy":"product_cat","embeddable":true,"href":"https:\/\/www.fortearena.com\/it\/wp-json\/wp\/v2\/product_cat?post=5774"},{"taxonomy":"product_tag","embeddable":true,"href":"https:\/\/www.fortearena.com\/it\/wp-json\/wp\/v2\/product_tag?post=5774"}],"curies":[{"name":"wp","href":"https:\/\/api.w.org\/{rel}","templated":true}]}}